{"id":2406,"date":"2023-02-13T21:02:25","date_gmt":"2023-02-13T21:02:25","guid":{"rendered":"https:\/\/tukijaturva.fi\/?page_id=2406"},"modified":"2024-07-06T07:35:33","modified_gmt":"2024-07-06T07:35:33","slug":"psykoedukaatio","status":"publish","type":"page","link":"https:\/\/tukijaturva.fi\/?page_id=2406","title":{"rendered":"Neuropsykiatriset piirteet"},"content":{"rendered":"\t\t<div data-elementor-type=\"wp-page\" data-elementor-id=\"2406\" class=\"elementor elementor-2406\">\n\t\t\t\t\t\t<section class=\"elementor-section elementor-top-section elementor-element elementor-element-a9fd562 elementor-section-boxed elementor-section-height-default elementor-section-height-default\" data-id=\"a9fd562\" data-element_type=\"section\">\n\t\t\t\t\t\t\t<div class=\"elementor-background-overlay\"><\/div>\n\t\t\t\t\t\t\t<div class=\"elementor-container elementor-column-gap-default\">\n\t\t\t\t\t<div class=\"elementor-column elementor-col-100 elementor-top-column elementor-element elementor-element-2f4c608\" data-id=\"2f4c608\" data-element_type=\"column\">\n\t\t\t<div class=\"elementor-widget-wrap elementor-element-populated\">\n\t\t\t\t\t\t<div class=\"elementor-element elementor-element-031cafd elementor-widget elementor-widget-image\" data-id=\"031cafd\" data-element_type=\"widget\" data-widget_type=\"image.default\">\n\t\t\t\t<div class=\"elementor-widget-container\">\n\t\t\t<style>\/*! elementor - v3.22.0 - 24-06-2024 *\/\n.elementor-widget-image{text-align:center}.elementor-widget-image a{display:inline-block}.elementor-widget-image a img[src$=\".svg\"]{width:48px}.elementor-widget-image img{vertical-align:middle;display:inline-block}<\/style>\t\t\t\t\t\t\t\t\t\t<img fetchpriority=\"high\" decoding=\"async\" width=\"1024\" height=\"576\" src=\"https:\/\/tukijaturva.fi\/wp-content\/uploads\/2023\/02\/Strategia-8-1024x576.png\" class=\"attachment-large size-large wp-image-2278\" alt=\"\" srcset=\"https:\/\/tukijaturva.fi\/wp-content\/uploads\/2023\/02\/Strategia-8-1024x576.png 1024w, https:\/\/tukijaturva.fi\/wp-content\/uploads\/2023\/02\/Strategia-8-300x169.png 300w, https:\/\/tukijaturva.fi\/wp-content\/uploads\/2023\/02\/Strategia-8-768x432.png 768w, https:\/\/tukijaturva.fi\/wp-content\/uploads\/2023\/02\/Strategia-8-1536x864.png 1536w, https:\/\/tukijaturva.fi\/wp-content\/uploads\/2023\/02\/Strategia-8-600x338.png 600w, https:\/\/tukijaturva.fi\/wp-content\/uploads\/2023\/02\/Strategia-8.png 1920w\" sizes=\"(max-width: 1024px) 100vw, 1024px\" \/>\t\t\t\t\t\t\t\t\t\t\t\t\t<\/div>\n\t\t\t\t<\/div>\n\t\t\t\t\t<\/div>\n\t\t<\/div>\n\t\t\t\t\t<\/div>\n\t\t<\/section>\n\t\t\t\t<section class=\"elementor-section elementor-top-section elementor-element elementor-element-2e61c40 elementor-section-boxed elementor-section-height-default elementor-section-height-default\" data-id=\"2e61c40\" data-element_type=\"section\">\n\t\t\t\t\t\t\t<div class=\"elementor-background-overlay\"><\/div>\n\t\t\t\t\t\t\t<div class=\"elementor-container elementor-column-gap-default\">\n\t\t\t\t\t<div class=\"elementor-column elementor-col-100 elementor-top-column elementor-element elementor-element-2d0469d\" data-id=\"2d0469d\" data-element_type=\"column\">\n\t\t\t<div class=\"elementor-widget-wrap elementor-element-populated\">\n\t\t\t\t\t\t<div class=\"elementor-element elementor-element-bd87444 elementor-widget elementor-widget-ucaddon_content_accordion\" data-id=\"bd87444\" data-element_type=\"widget\" data-widget_type=\"ucaddon_content_accordion.default\">\n\t\t\t\t<div class=\"elementor-widget-container\">\n\t\t\t\n<!-- start Content Accordion -->\n\t\t<link id='font-awesome-css' href='https:\/\/tukijaturva.fi\/wp-content\/plugins\/unlimited-elements-for-elementor\/assets_libraries\/font-awesome6\/fontawesome-all.min.css' type='text\/css' rel='stylesheet' >\n\t\t<link id='font-awesome-4-shim-css' href='https:\/\/tukijaturva.fi\/wp-content\/plugins\/unlimited-elements-for-elementor\/assets_libraries\/font-awesome6\/fontawesome-v4-shims.min.css' type='text\/css' rel='stylesheet' >\n\n<style>\/* widget: Content Accordion *\/\n\n#uc_content_accordion_elementor_bd87444 *{\n  box-sizing: border-box;\n}\n\n#uc_content_accordion_elementor_bd87444 .uc_ac_box\n{\n  overflow:hidden;\n}\n\n\n#uc_content_accordion_elementor_bd87444 em\n{\n  font-style: normal;\n}\n\n#uc_content_accordion_elementor_bd87444 .ue_heading_title\n{\n  margin:0;\n  flex-grow:1;\n}\n\n#uc_content_accordion_elementor_bd87444 .uc_container .uc-heading\n{\n\tdisplay:flex;\n    align-items:center;\n\toverflow:hidden;\n\tcursor:pointer;\n  \n}\n#uc_content_accordion_elementor_bd87444 .uc_container .uc_content\n{\n    display:none;\n}\n\n#uc_content_accordion_elementor_bd87444 .uc_container .uc-heading span.ue_accordion_icon\n{\n\tdisplay:flex;\n    align-items:center;\n   \tjustify-content:center;\n    flex-grow:0;\n    flex-shrink:0;\n}\n#uc_content_accordion_elementor_bd87444 .uc_ac_box.uc-item-active span.uc_dactive\n{\n\tdisplay:none;\n}\n#uc_content_accordion_elementor_bd87444 .uc_ac_box:not(.uc-item-active) span.uc_active\n{\n\tdisplay:none;\n}\n#uc_content_accordion_elementor_bd87444 span.ue_accordion_icon svg\n{\n  height:1em;\n  width:1em;\n}\n\n#uc_content_accordion_elementor_bd87444 .uc_container .uc_btn {\n\n    text-align: center;\n    display: inline-block;\n    text-decoration: none;\n    transition: ease-in-out all 0.25s;\n}\n\n#uc_content_accordion_elementor_bd87444 .ue-item-image img\n{\n  width:100%;\n  display:block;\n  object-fit:cover;\n}\n\n<\/style>\n\n<div class=\"uc_material_accordion  \"  id=\"uc_content_accordion_elementor_bd87444\"  data-name=\"\" data-scroll=\"off\" data-offset=\"0\" data-closeothers=\"true\" data-set-hash=\"false\" >\n  <div class=\"uc_container uc-items-wrapper\">\n    \n\t\t\n\n<div id=\"#ue-tab1\" class=\"uc_ac_box elementor-repeater-item-67bb38d uc-item-active\" style=\"background-color:;\">\n  <div class=\"uc-heading uc_trigger\">\n    <span class=\"uc_dactive bbb ue_accordion_icon\"><i class='fas fa-plus'><\/i><\/span> \n    <span class=\"uc_active bbb ue_accordion_icon\"><i class='fas fa-minus'><\/i><\/span>\n    <div class=\"ue_heading_title\">Autismi<\/div>\n  <\/div>\n  \n  <div class=\"uc_content\" style='display:block'>\n        \n      \n         \n                      \n            <div class=\"ue-item-title\">Autismi<\/div>\n      \n              <div class=\"ue-item-text\"><p>Autismi on neurobiologinen sairaus, joka vaikuttaa yksil\u00f6n kommunikaatioon ja k\u00e4ytt\u00e4ytymiseen. Se aiheuttaa joskus vaikeuksia sosiaalisessa vuorovaikutuksessa, kommunikoinnissa, kanssak\u00e4ymisess\u00e4 ja oppimisessa<\/p><\/div>\n      \n          \n    \t  \n              <a href=\"https:\/\/tukijaturva.fi\/?page_id=2407\" class=\"uc_btn uc_more_btn\" >Lue lis\u00e4\u00e4<\/a>\n                        \n      <\/div> \n<\/div>\n\n\n\n<div id=\"#ue-tab2\" class=\"uc_ac_box elementor-repeater-item-12892e2 \" style=\"background-color:;\">\n  <div class=\"uc-heading uc_trigger\">\n    <span class=\"uc_dactive bbb ue_accordion_icon\"><i class='fas fa-plus'><\/i><\/span> \n    <span class=\"uc_active bbb ue_accordion_icon\"><i class='fas fa-minus'><\/i><\/span>\n    <div class=\"ue_heading_title\">Asperger<\/div>\n  <\/div>\n  \n  <div class=\"uc_content\" >\n        \n      \n         \n                      \n            <div class=\"ue-item-title\">Asperger<\/div>\n      \n              <div class=\"ue-item-text\"><p><br \/>Asperger-oireyhtym\u00e4 on autismin liev\u00e4 muoto, joka aiheuttaa tiettyjen sosiaalisten ja kommunikaatio-ongelmien ilmenemist\u00e4. Ennen ICD-11 uudistusta vuonna 2016 kirjoon laskettiin my\u00f6s ADD ja Asperger.<\/p><\/div>\n      \n          \n    \t  \n              <a href=\"https:\/\/tukijaturva.fi\/?page_id=2410\" class=\"uc_btn uc_more_btn\" >Lue lis\u00e4\u00e4<\/a>\n                        \n      <\/div> \n<\/div>\n\n\n\n<div id=\"#ue-tab3\" class=\"uc_ac_box elementor-repeater-item-d542fb4 \" style=\"background-color:;\">\n  <div class=\"uc-heading uc_trigger\">\n    <span class=\"uc_dactive bbb ue_accordion_icon\"><i class='fas fa-plus'><\/i><\/span> \n    <span class=\"uc_active bbb ue_accordion_icon\"><i class='fas fa-minus'><\/i><\/span>\n    <div class=\"ue_heading_title\">ADHD<\/div>\n  <\/div>\n  \n  <div class=\"uc_content\" >\n        \n      \n         \n                      \n            <div class=\"ue-item-title\">Kehityksellinen tarkkaavuuden ja aktiivisuuden h\u00e4iri\u00f6<\/div>\n      \n              <div class=\"ue-item-text\"><p>ADHD on neurologinen h\u00e4iri\u00f6, joka aiheuttaa impulsiivisuutta ja keskittymisvaikeuksia. T\u00e4m\u00e4 h\u00e4iri\u00f6 on yleisemp\u00e4\u00e4 lapsilla, mutta aikuisilla voi olla my\u00f6s ADHD-oireita<\/p><\/div>\n      \n          \n    \t  \n              <a href=\"https:\/\/tukijaturva.fi\/?page_id=2412\" class=\"uc_btn uc_more_btn\" >Lue lis\u00e4\u00e4<\/a>\n                        \n      <\/div> \n<\/div>\n\n\n\n<div id=\"#ue-tab4\" class=\"uc_ac_box elementor-repeater-item-dddbf63 \" style=\"background-color:;\">\n  <div class=\"uc-heading uc_trigger\">\n    <span class=\"uc_dactive bbb ue_accordion_icon\"><i class='fas fa-plus'><\/i><\/span> \n    <span class=\"uc_active bbb ue_accordion_icon\"><i class='fas fa-minus'><\/i><\/span>\n    <div class=\"ue_heading_title\">ADD<\/div>\n  <\/div>\n  \n  <div class=\"uc_content\" >\n        \n      \n         \n                      \n            <div class=\"ue-item-title\">Kehityksellinen tarkkaavaisuuden h\u00e4iri\u00f6<\/div>\n      \n              <div class=\"ue-item-text\"><p>ADD:ll\u00e4 on samoja oireita kuin ADHD:ll\u00e4. ADD:ss\u00e4 ei ole hyperaktiivisuutta, vaan oireet ilmenev\u00e4t huomion puutteisuutena, huomion hajanaisuutena ja impulsiivisuutena. Ennen ICD-11 uudistusta vuonna 2016 kirjoon laskettiin my\u00f6s ADD ja Asperger.<\/p><\/div>\n      \n          \n    \t  \n              <a href=\"https:\/\/tukijaturva.fi\/?page_id=2414\" class=\"uc_btn uc_more_btn\" >Lue lis\u00e4\u00e4<\/a>\n                        \n      <\/div> \n<\/div>\n\n\n\n<div id=\"#ue-tab5\" class=\"uc_ac_box elementor-repeater-item-d2097f2 \" style=\"background-color:;\">\n  <div class=\"uc-heading uc_trigger\">\n    <span class=\"uc_dactive bbb ue_accordion_icon\"><i class='fas fa-plus'><\/i><\/span> \n    <span class=\"uc_active bbb ue_accordion_icon\"><i class='fas fa-minus'><\/i><\/span>\n    <div class=\"ue_heading_title\">Dysfasia<\/div>\n  <\/div>\n  \n  <div class=\"uc_content\" >\n        \n      \n         \n                      \n            <div class=\"ue-item-title\">Dysfasia<\/div>\n      \n              <div class=\"ue-item-text\"><p>Dysfasia- kielellinen kehitysh\u00e4iri\u00f6 voi ilmet\u00e4 puheh\u00e4iri\u00f6n\u00e4, kielellisen\u00e4 toimintakyvyn heikkenemisen\u00e4 ja puheen ymm\u00e4rt\u00e4misen vaikeutena. Dysfasian oireita voivat olla my\u00f6s puheen tuottamisen vaikeudet, ep\u00e4selv\u00e4 puhe, puheen laadun heikkeneminen, muistin heikkeneminen ja lukih\u00e4iri\u00f6.<\/p><\/div>\n      \n          \n    \t  \n              <a href=\"https:\/\/tukijaturva.fi\/?page_id=2416\" class=\"uc_btn uc_more_btn\" >Lue lis\u00e4\u00e4<\/a>\n                        \n      <\/div> \n<\/div>\n\n\n\n<div id=\"#ue-tab6\" class=\"uc_ac_box elementor-repeater-item-8c8df51 \" style=\"background-color:;\">\n  <div class=\"uc-heading uc_trigger\">\n    <span class=\"uc_dactive bbb ue_accordion_icon\"><i class='fas fa-plus'><\/i><\/span> \n    <span class=\"uc_active bbb ue_accordion_icon\"><i class='fas fa-minus'><\/i><\/span>\n    <div class=\"ue_heading_title\">Tourette<\/div>\n  <\/div>\n  \n  <div class=\"uc_content\" >\n        \n      \n         \n                      \n            <div class=\"ue-item-title\">Touretten oireyhtym\u00e4<\/div>\n      \n              <div class=\"ue-item-text\"><p>Tourette on neuropsykiatrinen h\u00e4iri\u00f6, joka aiheuttaa tahattomia ja toistuvia liikkeit\u00e4 tai \u00e4\u00e4ntely\u00e4. Se voi sis\u00e4lt\u00e4\u00e4 erilaisia oireita, kuten v\u00e4\u00e4ntely\u00e4, hypp\u00e4\u00e4mist\u00e4 ja taputusta, sek\u00e4 sanallisia oireita, kuten sanan toistamista tai sanojen tahattomia k\u00e4ytt\u00f6\u00e4.<\/p><\/div>\n      \n          \n    \t  \n              <a href=\"https:\/\/tukijaturva.fi\/?page_id=2446\" class=\"uc_btn uc_more_btn\" >Lue lis\u00e4\u00e4<\/a>\n                        \n      <\/div> \n<\/div>\n\n  <\/div>\n<\/div>\n\n\n<!-- end Content Accordion -->\t\t<\/div>\n\t\t\t\t<\/div>\n\t\t\t\t\t<\/div>\n\t\t<\/div>\n\t\t\t\t\t<\/div>\n\t\t<\/section>\n\t\t\t\t<\/div>\n\t\t","protected":false},"excerpt":{"rendered":"<p>Autismi Autismi Autismi on neurobiologinen sairaus, joka vaikuttaa yksil\u00f6n kommunikaatioon ja k\u00e4ytt\u00e4ytymiseen. Se aiheuttaa joskus vaikeuksia sosiaalisessa vuorovaikutuksessa, kommunikoinnissa, kanssak\u00e4ymisess\u00e4 ja oppimisessa Lue lis\u00e4\u00e4 Asperger Asperger Asperger-oireyhtym\u00e4 on autismin liev\u00e4 muoto, joka aiheuttaa tiettyjen sosiaalisten ja kommunikaatio-ongelmien ilmenemist\u00e4. Ennen ICD-11 uudistusta vuonna 2016 kirjoon laskettiin my\u00f6s ADD ja Asperger. Lue lis\u00e4\u00e4 ADHD Kehityksellinen tarkkaavuuden ja &hellip;<\/p>\n<p class=\"read-more\"> <a class=\"\" href=\"https:\/\/tukijaturva.fi\/?page_id=2406\"> <span class=\"screen-reader-text\">Neuropsykiatriset piirteet<\/span> Lue lis\u00e4\u00e4 &raquo;<\/a><\/p>\n","protected":false},"author":1,"featured_media":0,"parent":2407,"menu_order":0,"comment_status":"closed","ping_status":"closed","template":"","meta":{"_uag_custom_page_level_css":"","site-sidebar-layout":"no-sidebar","site-content-layout":"page-builder","ast-global-header-display":"","ast-main-header-display":"","ast-hfb-above-header-display":"","ast-hfb-below-header-display":"","ast-hfb-mobile-header-display":"","site-post-title":"disabled","ast-breadcrumbs-content":"","ast-featured-img":"disabled","footer-sml-layout":"","theme-transparent-header-meta":"","adv-header-id-meta":"","stick-header-meta":"","header-above-stick-meta":"","header-main-stick-meta":"","header-below-stick-meta":""},"aioseo_notices":[],"uagb_featured_image_src":{"full":false,"thumbnail":false,"medium":false,"medium_large":false,"large":false,"1536x1536":false,"2048x2048":false,"woocommerce_thumbnail":false,"woocommerce_single":false,"woocommerce_gallery_thumbnail":false},"uagb_author_info":{"display_name":"marko.makkonen.mm@gmail.com","author_link":"https:\/\/tukijaturva.fi\/?author=1"},"uagb_comment_info":0,"uagb_excerpt":"Autismi Autismi Autismi on neurobiologinen sairaus, joka vaikuttaa yksil\u00f6n kommunikaatioon ja k\u00e4ytt\u00e4ytymiseen. Se aiheuttaa joskus vaikeuksia sosiaalisessa vuorovaikutuksessa, kommunikoinnissa, kanssak\u00e4ymisess\u00e4 ja oppimisessa Lue lis\u00e4\u00e4 Asperger Asperger Asperger-oireyhtym\u00e4 on autismin liev\u00e4 muoto, joka aiheuttaa tiettyjen sosiaalisten ja kommunikaatio-ongelmien ilmenemist\u00e4. Ennen ICD-11 uudistusta vuonna 2016 kirjoon laskettiin my\u00f6s ADD ja Asperger. Lue lis\u00e4\u00e4 ADHD Kehityksellinen tarkkaavuuden ja&hellip;","_links":{"self":[{"href":"https:\/\/tukijaturva.fi\/index.php?rest_route=\/wp\/v2\/pages\/2406"}],"collection":[{"href":"https:\/\/tukijaturva.fi\/index.php?rest_route=\/wp\/v2\/pages"}],"about":[{"href":"https:\/\/tukijaturva.fi\/index.php?rest_route=\/wp\/v2\/types\/page"}],"author":[{"embeddable":true,"href":"https:\/\/tukijaturva.fi\/index.php?rest_route=\/wp\/v2\/users\/1"}],"replies":[{"embeddable":true,"href":"https:\/\/tukijaturva.fi\/index.php?rest_route=%2Fwp%2Fv2%2Fcomments&post=2406"}],"version-history":[{"count":32,"href":"https:\/\/tukijaturva.fi\/index.php?rest_route=\/wp\/v2\/pages\/2406\/revisions"}],"predecessor-version":[{"id":2837,"href":"https:\/\/tukijaturva.fi\/index.php?rest_route=\/wp\/v2\/pages\/2406\/revisions\/2837"}],"up":[{"embeddable":true,"href":"https:\/\/tukijaturva.fi\/index.php?rest_route=\/wp\/v2\/pages\/2407"}],"wp:attachment":[{"href":"https:\/\/tukijaturva.fi\/index.php?rest_route=%2Fwp%2Fv2%2Fmedia&parent=2406"}],"curies":[{"name":"wp","href":"https:\/\/api.w.org\/{rel}","templated":true}]}}