{"id":2407,"date":"2023-02-13T20:52:49","date_gmt":"2023-02-13T20:52:49","guid":{"rendered":"https:\/\/tukijaturva.fi\/?page_id=2407"},"modified":"2023-02-13T22:32:23","modified_gmt":"2023-02-13T22:32:23","slug":"autismi","status":"publish","type":"page","link":"https:\/\/tukijaturva.fi\/?page_id=2407","title":{"rendered":"Autismi"},"content":{"rendered":"\n<div class=\"is-layout-flex wp-block-buttons\">\n<div class=\"wp-block-button\"><a class=\"wp-block-button__link wp-element-button\" href=\"https:\/\/tukijaturva.fi\/?page_id=2406\">Takaisin psykoedukaatioon<\/a><\/div>\n<\/div>\n\n\n\n<div class=\"wp-block-uagb-image aligncenter uagb-block-cb2ae518 wp-block-uagb-image--layout-default wp-block-uagb-image--effect-static wp-block-uagb-image--align-center\"><figure class=\"wp-block-uagb-image__figure\"><img loading=\"lazy\" decoding=\"async\" srcset=\"https:\/\/tukijaturva.fi\/wp-content\/uploads\/2023\/02\/Strategia-removebg-preview-2.png \" src=\"https:\/\/tukijaturva.fi\/wp-content\/uploads\/2023\/02\/Strategia-removebg-preview-2.png\" alt=\"\" class=\"uag-image-2433\" width=\"378\" height=\"213\" title=\"\" loading=\"lazy\"\/><\/figure><\/div>\n\n\n\n<p>Autismi on neurobiologinen sairaus, joka vaikuttaa yksil\u00f6n yhteiskunnallisiin, kommunikaatioon ja k\u00e4ytt\u00e4ytymiseen liittyviin kykyihin. Se aiheuttaa joskus vaikeuksia sosiaalisessa vuorovaikutuksessa, kommunikoinnissa, leikiss\u00e4 ja oppimisessa. Autismi on yleisesti tunnistettu l\u00e4\u00e4ketieteellinen diagnoosi. Se on krooninen sairaus, joka on l\u00e4sn\u00e4 koko el\u00e4m\u00e4n ajan, mutta autismin oireita voi hoitaa. Autismin mukana tulevat erilaiset fyysiset, sosiaaliset ja kognitiiviset vaikeudet. Yhdenmukaiset k\u00e4ytt\u00e4ytymismallit ja rutiinit voivat auttaa lievitt\u00e4m\u00e4\u00e4n autismin oireita. <\/p>\n\n\n\n<p>Autismille ei ole yht\u00e4 hoitomuotoa, vaan hoito koostuu l\u00e4\u00e4ketieteellisest\u00e4 hoidosta, koulutuksesta, kommunikointivalmiuksista ja k\u00e4ytt\u00e4ytymist\u00e4 tukevista interventioista. Autismiin liittyy usein muita sairauksia ja ongelmia, kuten keskittymisvaikeuksia, \u00e4\u00e4nen ja puheen h\u00e4iri\u00f6it\u00e4, hyperaktiivisuutta, oppimishaasteita ja ahdistusta. Autismiin liittyv\u00e4t ongelmat ja tarpeet voidaan hoitaa oikein ja oikea-aikaisesti. Autismin diagnosoinnissa ja hoidossa on t\u00e4rke\u00e4\u00e4 saada tukea ja neuvoja kognitiivisilta terapeuteilta, psykologilta ja l\u00e4\u00e4k\u00e4rilt\u00e4. Autismiin liittyv\u00e4\u00e4 tietoa ja tukea on saatavilla monilla tahoilla, kuten koulutuksen, tutkimuksen ja sosiaalisen tuen puitteissa. Suomessa autismiin liittyv\u00e4\u00e4 tukea tarjoavat esimerkiksi Autismi- ja Aspergerliitto ry, Autismiliitto ry ja Autistic Spectrum Disorder Association of Finland.&nbsp;<\/p>\n\n\n\n<h3>Autismin yleisimm\u00e4t oireet Suomessa ovat:<\/h3>\n\n\n\n<ul>\n<li>Sosiaaliset vaikeudet: Autismi aiheuttaa usein vaikeuksia sosiaalisessa vuorovaikutuksessa ja kommunikoinnissa muiden kanssa. Autismin kanssa el\u00e4v\u00e4t henkil\u00f6t voivat olla vaikeuksissa ymm\u00e4rt\u00e4m\u00e4\u00e4n sosiaalisia k\u00e4yt\u00f6stapoja, muiden tunteita ja lukemaan vihjeit\u00e4.&nbsp;<\/li>\n\n\n\n<li>Kognitiiviset vaikeudet: Autismin kanssa el\u00e4v\u00e4t henkil\u00f6t voivat kokea vaikeuksia oppimisessa ja muistamisessa. He voivat olla vaikeuksissa ymm\u00e4rt\u00e4m\u00e4\u00e4n keskusteluja ja prosessoimaan tietoa.&nbsp;<\/li>\n\n\n\n<li>K\u00e4ytt\u00e4ytymish\u00e4iri\u00f6t: Autismiin liittyy usein yhdenmukaisia rutiineja ja harjoitteluja, joilla yritet\u00e4\u00e4n luoda ennustettavuutta ja v\u00e4hent\u00e4\u00e4 lapsen ahdistusta. N\u00e4iden rutiinien toistaminen voi auttaa lapsia hallitsemaan oireitaan.&nbsp;<\/li>\n\n\n\n<li>Fyysiset vaikeudet: Autismin kanssa el\u00e4v\u00e4t henkil\u00f6t voivat kokea \u00e4\u00e4nen ja puheen h\u00e4iri\u00f6it\u00e4, keskittymisvaikeuksia ja muuta fyysist\u00e4 ep\u00e4mukavuutta.&nbsp;<\/li>\n\n\n\n<li>Ahdistus ja stressi: Autismin kanssa el\u00e4v\u00e4t henkil\u00f6t voivat kokea voimakasta ahdistusta ja stressi\u00e4, varsinkin muuttuvissa tilanteissa. Ahdistuksen ja stressin hallinta voi olla haastavaa, ja siksi voi olla tarpeen hakea apua ammattilaisilta.&nbsp;<\/li>\n\n\n\n<li>Ymp\u00e4rist\u00f6\u00e4 ja vaihtelua vaativat toiminnot: Autismin kanssa el\u00e4v\u00e4t henkil\u00f6t voivat kokea muutoksia ja vaihtelua vaativia toimintoja haastavina. N\u00e4it\u00e4 toimintoja voivat olla esimerkiksi muutokset arjessa, uusien tilanteiden kohtaaminen ja uuden oppiminen.&nbsp;<\/li>\n\n\n\n<li>Kuulon ja n\u00e4\u00f6n tarkkaavaisuuden h\u00e4iri\u00f6t: Autismin kanssa el\u00e4v\u00e4t henkil\u00f6t voivat kokea haasteita kuulon ja n\u00e4\u00f6n tarkkaavaisuuden kanssa. He voivat olla herkki\u00e4 melulle, valolle ja muille \u00e4rsykkeille.&nbsp;<\/li>\n\n\n\n<li>Oppimisvaikeudet: Autismin kanssa el\u00e4v\u00e4t henkil\u00f6t voivat kokea vaikeuksia oppia uutta tietoa, muistaa tietoa ja toteuttaa opittuja asioita. Heill\u00e4 voi olla vaikeuksia fokuksen s\u00e4ilytt\u00e4misess\u00e4 ja keskitty\u00e4 opittuihin asioihin.<\/li>\n<\/ul>\n\n\n\n<h3>Neuropsykiatrinen valmennus<\/h3>\n\n\n\n<p>Neuropsykiatrinen valmennus voi auttaa autismin oireiden hallinnassa. Valmennus voi auttaa yksil\u00f6\u00e4 tunnistamaan ja ymm\u00e4rt\u00e4m\u00e4\u00e4n oireitaan ja hallitsemaan niit\u00e4. Valmentaja voi auttaa yksil\u00f6\u00e4 l\u00f6yt\u00e4m\u00e4\u00e4n yksil\u00f6llisi\u00e4 ratkaisuja ja toimintatapoja oireiden hallitsemiseen. Valmentaja voi auttaa yksil\u00f6\u00e4 l\u00f6yt\u00e4m\u00e4\u00e4n tavoitteita, k\u00e4ytt\u00e4m\u00e4\u00e4n vahvuuksiaan ja suunnittelemaan tulevaisuuttaan. Neuropsykiatrinen valmennus voi auttaa yksil\u00f6\u00e4 selviytym\u00e4\u00e4n arjesta ja tukemaan sosiaalista vuorovaikutusta.&nbsp;<\/p>\n\n\n\n<h3>L\u00e4hteet:<\/h3>\n\n\n\n<p>Autismi- ja Aspergerliitto ry. https:\/\/www.autismiliitto.fi\/&nbsp;<\/p>\n\n\n\n<p>Autismiliitto ry. https:\/\/www.autismiliitto.fi\/&nbsp;<\/p>\n\n\n\n<p>Autistic Spectrum Disorder Association of Finland. https:\/\/www.asperger.fi\/<\/p>\n\n\n\n<p>Kansalaisen autismikirja: Autistisuus ja Aspergerin oireyhtym\u00e4. Kirjoittanut Riikka Kuusisto. Jyv\u00e4skyl\u00e4: PsT-Kustannus, 2011.<\/p>\n","protected":false},"excerpt":{"rendered":"<p>Autismi on neurobiologinen sairaus, joka vaikuttaa yksil\u00f6n yhteiskunnallisiin, kommunikaatioon ja k\u00e4ytt\u00e4ytymiseen liittyviin kykyihin. Se aiheuttaa joskus vaikeuksia sosiaalisessa vuorovaikutuksessa, kommunikoinnissa, leikiss\u00e4 ja oppimisessa. Autismi on yleisesti tunnistettu l\u00e4\u00e4ketieteellinen diagnoosi. Se on krooninen sairaus, joka on l\u00e4sn\u00e4 koko el\u00e4m\u00e4n ajan, mutta autismin oireita voi hoitaa. Autismin mukana tulevat erilaiset fyysiset, sosiaaliset ja kognitiiviset vaikeudet. Yhdenmukaiset k\u00e4ytt\u00e4ytymismallit &hellip;<\/p>\n<p class=\"read-more\"> <a class=\"\" href=\"https:\/\/tukijaturva.fi\/?page_id=2407\"> <span class=\"screen-reader-text\">Autismi<\/span> Lue lis\u00e4\u00e4 &raquo;<\/a><\/p>\n","protected":false},"author":1,"featured_media":0,"parent":2282,"menu_order":0,"comment_status":"closed","ping_status":"closed","template":"","meta":{"_uag_custom_page_level_css":"","site-sidebar-layout":"default","site-content-layout":"default","ast-global-header-display":"","ast-main-header-display":"","ast-hfb-above-header-display":"","ast-hfb-below-header-display":"","ast-hfb-mobile-header-display":"","site-post-title":"disabled","ast-breadcrumbs-content":"","ast-featured-img":"","footer-sml-layout":"","theme-transparent-header-meta":"","adv-header-id-meta":"","stick-header-meta":"","header-above-stick-meta":"","header-main-stick-meta":"","header-below-stick-meta":""},"aioseo_notices":[],"uagb_featured_image_src":{"full":false,"thumbnail":false,"medium":false,"medium_large":false,"large":false,"1536x1536":false,"2048x2048":false,"woocommerce_thumbnail":false,"woocommerce_single":false,"woocommerce_gallery_thumbnail":false},"uagb_author_info":{"display_name":"marko.makkonen.mm@gmail.com","author_link":"https:\/\/tukijaturva.fi\/?author=1"},"uagb_comment_info":0,"uagb_excerpt":"Autismi on neurobiologinen sairaus, joka vaikuttaa yksil\u00f6n yhteiskunnallisiin, kommunikaatioon ja k\u00e4ytt\u00e4ytymiseen liittyviin kykyihin. Se aiheuttaa joskus vaikeuksia sosiaalisessa vuorovaikutuksessa, kommunikoinnissa, leikiss\u00e4 ja oppimisessa. Autismi on yleisesti tunnistettu l\u00e4\u00e4ketieteellinen diagnoosi. Se on krooninen sairaus, joka on l\u00e4sn\u00e4 koko el\u00e4m\u00e4n ajan, mutta autismin oireita voi hoitaa. Autismin mukana tulevat erilaiset fyysiset, sosiaaliset ja kognitiiviset vaikeudet. Yhdenmukaiset k\u00e4ytt\u00e4ytymismallit&hellip;","_links":{"self":[{"href":"https:\/\/tukijaturva.fi\/index.php?rest_route=\/wp\/v2\/pages\/2407"}],"collection":[{"href":"https:\/\/tukijaturva.fi\/index.php?rest_route=\/wp\/v2\/pages"}],"about":[{"href":"https:\/\/tukijaturva.fi\/index.php?rest_route=\/wp\/v2\/types\/page"}],"author":[{"embeddable":true,"href":"https:\/\/tukijaturva.fi\/index.php?rest_route=\/wp\/v2\/users\/1"}],"replies":[{"embeddable":true,"href":"https:\/\/tukijaturva.fi\/index.php?rest_route=%2Fwp%2Fv2%2Fcomments&post=2407"}],"version-history":[{"count":5,"href":"https:\/\/tukijaturva.fi\/index.php?rest_route=\/wp\/v2\/pages\/2407\/revisions"}],"predecessor-version":[{"id":2517,"href":"https:\/\/tukijaturva.fi\/index.php?rest_route=\/wp\/v2\/pages\/2407\/revisions\/2517"}],"up":[{"embeddable":true,"href":"https:\/\/tukijaturva.fi\/index.php?rest_route=\/wp\/v2\/pages\/2282"}],"wp:attachment":[{"href":"https:\/\/tukijaturva.fi\/index.php?rest_route=%2Fwp%2Fv2%2Fmedia&parent=2407"}],"curies":[{"name":"wp","href":"https:\/\/api.w.org\/{rel}","templated":true}]}}