{"id":2410,"date":"2023-02-13T21:40:03","date_gmt":"2023-02-13T21:40:03","guid":{"rendered":"https:\/\/tukijaturva.fi\/?page_id=2410"},"modified":"2023-02-13T22:31:34","modified_gmt":"2023-02-13T22:31:34","slug":"asperger","status":"publish","type":"page","link":"https:\/\/tukijaturva.fi\/?page_id=2410","title":{"rendered":"Asperger"},"content":{"rendered":"\n<div class=\"is-layout-flex wp-block-buttons\">\n<div class=\"wp-block-button\"><a class=\"wp-block-button__link wp-element-button\" href=\"https:\/\/tukijaturva.fi\/?page_id=2406\">Takaisin psykoedukaatioon<\/a><\/div>\n<\/div>\n\n\n\n<figure class=\"wp-block-image aligncenter size-large is-resized\"><img fetchpriority=\"high\" decoding=\"async\" src=\"http:\/\/tukijaturva.fi\/wp-content\/uploads\/2023\/02\/Strategia1-2-1024x576.png\" alt=\"\" class=\"wp-image-2438\" width=\"393\" height=\"221\" srcset=\"https:\/\/tukijaturva.fi\/wp-content\/uploads\/2023\/02\/Strategia1-2-1024x576.png 1024w, https:\/\/tukijaturva.fi\/wp-content\/uploads\/2023\/02\/Strategia1-2-300x169.png 300w, https:\/\/tukijaturva.fi\/wp-content\/uploads\/2023\/02\/Strategia1-2-768x432.png 768w, https:\/\/tukijaturva.fi\/wp-content\/uploads\/2023\/02\/Strategia1-2-1536x864.png 1536w, https:\/\/tukijaturva.fi\/wp-content\/uploads\/2023\/02\/Strategia1-2-600x338.png 600w, https:\/\/tukijaturva.fi\/wp-content\/uploads\/2023\/02\/Strategia1-2.png 1920w\" sizes=\"(max-width: 393px) 100vw, 393px\" \/><\/figure>\n\n\n\n<p>Aspergerin oireyhtym\u00e4 on neurobiologinen sairaus, joka vaikuttaa yksil\u00f6n k\u00e4ytt\u00e4ytymiseen, sosiaalisiin suhteisiin ja kommunikaatioon. Aspergerin oireyhtym\u00e4\u00e4n liittyy usein erilaisia vaikeuksia kommunikoinnissa, sosiaalisissa suhteissa ja leikeiss\u00e4. Aspergerin oireyhtym\u00e4\u00e4n liittyy yleens\u00e4 yhdenmukaisia k\u00e4ytt\u00e4ytymismalleja ja rutiineja, joilla yritet\u00e4\u00e4n luoda ennustettavuutta ja v\u00e4hent\u00e4\u00e4 ahdistusta. Aspergerin oireyhtym\u00e4\u00e4n liittyvi\u00e4 oireita voivat olla \u00e4\u00e4nen ja puheen h\u00e4iri\u00f6t, keskittymisvaikeudet ja hyperaktiivisuus.<\/p>\n\n\n\n<h3>Aspergerin oireyhtym\u00e4n yleisimm\u00e4t oireet ovat:&nbsp;<\/h3>\n\n\n\n<ul>\n<li>Sosiaaliset vaikeudet: Aspergerin oireyhtym\u00e4n kanssa el\u00e4v\u00e4t henkil\u00f6t voivat kokea vaikeuksia sosiaalisessa vuorovaikutuksessa ja kommunikoinnissa muiden kanssa. He voivat olla vaikeuksissa ymm\u00e4rt\u00e4m\u00e4\u00e4n sosiaalisia k\u00e4yt\u00f6stapoja ja lukemaan vihjeit\u00e4.&nbsp;<\/li>\n\n\n\n<li>Kognitiiviset vaikeudet: Aspergerin oireyhtym\u00e4n kanssa el\u00e4v\u00e4t henkil\u00f6t voivat kokea vaikeuksia oppimisessa ja muistamisessa. He voivat olla vaikeuksissa ymm\u00e4rt\u00e4m\u00e4\u00e4n keskusteluja ja prosessoimaan tietoa.&nbsp;<\/li>\n\n\n\n<li>K\u00e4ytt\u00e4ytymish\u00e4iri\u00f6t: Aspergerin oireyhtym\u00e4\u00e4n liittyy usein yhdenmukaisia rutiineja ja harjoitteluja, joilla yritet\u00e4\u00e4n luoda ennustettavuutta ja v\u00e4hent\u00e4\u00e4 ahdistusta. N\u00e4iden rutiinien toistaminen voi auttaa henkil\u00f6\u00e4 hallitsemaan oireitaan.&nbsp;<\/li>\n\n\n\n<li>Fyysiset vaikeudet: Aspergerin oireyhtym\u00e4n kanssa el\u00e4v\u00e4t henkil\u00f6t voivat kokea \u00e4\u00e4nen ja puheen h\u00e4iri\u00f6it\u00e4, keskittymisvaikeuksia ja muuta fyysist\u00e4 ep\u00e4mukavuutta.&nbsp;<\/li>\n\n\n\n<li>Ahdistus ja stressi: Aspergerin oireyhtym\u00e4n kanssa el\u00e4v\u00e4t henkil\u00f6t voivat kokea voimakasta ahdistusta ja stressi\u00e4, varsinkin muuttuvissa tilanteissa. Ahdistuksen ja stressin hallinta voi olla haastavaa, ja siksi voi olla tarpeen hakea apua ammattilaisilta.&nbsp;<\/li>\n\n\n\n<li>Ymp\u00e4rist\u00f6\u00e4 ja vaihtelua vaativat toiminnot: Aspergerin oireyhtym\u00e4n kanssa el\u00e4v\u00e4t henkil\u00f6t voivat kokea muutoksia ja vaihtelua vaativia toimintoja haastavina. N\u00e4it\u00e4 toimintoja voivat olla esimerkiksi muutokset arjessa, uusien tilanteiden kohtaaminen ja uuden oppiminen.&nbsp;<\/li>\n\n\n\n<li>Kuulon ja n\u00e4\u00f6n tarkkaavaisuuden h\u00e4iri\u00f6t: Aspergerin oireyhtym\u00e4n kanssa el\u00e4v\u00e4t henkil\u00f6t voivat kokea haasteita kuulon ja n\u00e4\u00f6n tarkkaavaisuuden kanssa. He voivat olla herkki\u00e4 melulle, valolle ja muille \u00e4rsykkeille.&nbsp;<\/li>\n\n\n\n<li>Oppimisvaikeudet: Aspergerin oireyhtym\u00e4n kanssa el\u00e4v\u00e4t henkil\u00f6t voivat kokea vaikeuksia oppia uutta tietoa, muistaa tietoa ja toteuttaa opittuja asioita. Heill\u00e4 voi olla vaikeuksia fokuksen s\u00e4ilytt\u00e4misess\u00e4 ja keskitty\u00e4 opittuihin asioihin.<\/li>\n<\/ul>\n\n\n\n<h3>Neuropsykiatrinen valmennus<\/h3>\n\n\n\n<p>Aspergerin oireyhtym\u00e4\u00e4n liittyv\u00e4n neuropsykiatrisen valmennuksen tarkoituksena on auttaa yksil\u00f6\u00e4 tunnistamaan ja ymm\u00e4rt\u00e4m\u00e4\u00e4n oireitaan ja hallitsemaan niit\u00e4. Valmentaja voi auttaa yksil\u00f6\u00e4 l\u00f6yt\u00e4m\u00e4\u00e4n yksil\u00f6llisi\u00e4 ratkaisuja ja toimintatapoja oireiden hallitsemiseen. Valmentaja voi auttaa yksil\u00f6\u00e4 l\u00f6yt\u00e4m\u00e4\u00e4n tavoitteita, k\u00e4ytt\u00e4m\u00e4\u00e4n vahvuuksiaan ja suunnittelemaan tulevaisuuttaan. Valmennuksen avulla yksil\u00f6 voi my\u00f6s oppia selviytym\u00e4\u00e4n arjesta ja tukemaan sosiaalista vuorovaikutusta.&nbsp;<\/p>\n\n\n\n<h3>L\u00e4hteet:<\/h3>\n\n\n\n<p>Autismi- ja Aspergerliitto ry. https:\/\/www.autismiliitto.fi\/&nbsp;<\/p>\n\n\n\n<p>Autismiliitto ry. https:\/\/www.autismiliitto.fi\/&nbsp;<\/p>\n\n\n\n<p>Autistic Spectrum Disorder Association of Finland. https:\/\/www.asperger.fi\/<\/p>\n\n\n\n<p>Kansalaisen autismikirja: Autistisuus ja Aspergerin oireyhtym\u00e4. Kirjoittanut Riikka Kuusisto. Jyv\u00e4skyl\u00e4: PsT-Kustannus, 2011.<\/p>\n\n\n\n<div class=\"is-layout-flex wp-block-buttons\"><\/div>\n","protected":false},"excerpt":{"rendered":"<p>Aspergerin oireyhtym\u00e4 on neurobiologinen sairaus, joka vaikuttaa yksil\u00f6n k\u00e4ytt\u00e4ytymiseen, sosiaalisiin suhteisiin ja kommunikaatioon. Aspergerin oireyhtym\u00e4\u00e4n liittyy usein erilaisia vaikeuksia kommunikoinnissa, sosiaalisissa suhteissa ja leikeiss\u00e4. Aspergerin oireyhtym\u00e4\u00e4n liittyy yleens\u00e4 yhdenmukaisia k\u00e4ytt\u00e4ytymismalleja ja rutiineja, joilla yritet\u00e4\u00e4n luoda ennustettavuutta ja v\u00e4hent\u00e4\u00e4 ahdistusta. Aspergerin oireyhtym\u00e4\u00e4n liittyvi\u00e4 oireita voivat olla \u00e4\u00e4nen ja puheen h\u00e4iri\u00f6t, keskittymisvaikeudet ja hyperaktiivisuus. Aspergerin oireyhtym\u00e4n yleisimm\u00e4t &hellip;<\/p>\n<p class=\"read-more\"> <a class=\"\" href=\"https:\/\/tukijaturva.fi\/?page_id=2410\"> <span class=\"screen-reader-text\">Asperger<\/span> Lue lis\u00e4\u00e4 &raquo;<\/a><\/p>\n","protected":false},"author":1,"featured_media":0,"parent":0,"menu_order":0,"comment_status":"closed","ping_status":"closed","template":"","meta":{"_uag_custom_page_level_css":"","site-sidebar-layout":"default","site-content-layout":"default","ast-global-header-display":"","ast-main-header-display":"","ast-hfb-above-header-display":"","ast-hfb-below-header-display":"","ast-hfb-mobile-header-display":"","site-post-title":"disabled","ast-breadcrumbs-content":"","ast-featured-img":"","footer-sml-layout":"","theme-transparent-header-meta":"","adv-header-id-meta":"","stick-header-meta":"","header-above-stick-meta":"","header-main-stick-meta":"","header-below-stick-meta":""},"aioseo_notices":[],"uagb_featured_image_src":{"full":false,"thumbnail":false,"medium":false,"medium_large":false,"large":false,"1536x1536":false,"2048x2048":false,"woocommerce_thumbnail":false,"woocommerce_single":false,"woocommerce_gallery_thumbnail":false},"uagb_author_info":{"display_name":"marko.makkonen.mm@gmail.com","author_link":"https:\/\/tukijaturva.fi\/?author=1"},"uagb_comment_info":0,"uagb_excerpt":"Aspergerin oireyhtym\u00e4 on neurobiologinen sairaus, joka vaikuttaa yksil\u00f6n k\u00e4ytt\u00e4ytymiseen, sosiaalisiin suhteisiin ja kommunikaatioon. Aspergerin oireyhtym\u00e4\u00e4n liittyy usein erilaisia vaikeuksia kommunikoinnissa, sosiaalisissa suhteissa ja leikeiss\u00e4. Aspergerin oireyhtym\u00e4\u00e4n liittyy yleens\u00e4 yhdenmukaisia k\u00e4ytt\u00e4ytymismalleja ja rutiineja, joilla yritet\u00e4\u00e4n luoda ennustettavuutta ja v\u00e4hent\u00e4\u00e4 ahdistusta. Aspergerin oireyhtym\u00e4\u00e4n liittyvi\u00e4 oireita voivat olla \u00e4\u00e4nen ja puheen h\u00e4iri\u00f6t, keskittymisvaikeudet ja hyperaktiivisuus. Aspergerin oireyhtym\u00e4n yleisimm\u00e4t&hellip;","_links":{"self":[{"href":"https:\/\/tukijaturva.fi\/index.php?rest_route=\/wp\/v2\/pages\/2410"}],"collection":[{"href":"https:\/\/tukijaturva.fi\/index.php?rest_route=\/wp\/v2\/pages"}],"about":[{"href":"https:\/\/tukijaturva.fi\/index.php?rest_route=\/wp\/v2\/types\/page"}],"author":[{"embeddable":true,"href":"https:\/\/tukijaturva.fi\/index.php?rest_route=\/wp\/v2\/users\/1"}],"replies":[{"embeddable":true,"href":"https:\/\/tukijaturva.fi\/index.php?rest_route=%2Fwp%2Fv2%2Fcomments&post=2410"}],"version-history":[{"count":5,"href":"https:\/\/tukijaturva.fi\/index.php?rest_route=\/wp\/v2\/pages\/2410\/revisions"}],"predecessor-version":[{"id":2516,"href":"https:\/\/tukijaturva.fi\/index.php?rest_route=\/wp\/v2\/pages\/2410\/revisions\/2516"}],"wp:attachment":[{"href":"https:\/\/tukijaturva.fi\/index.php?rest_route=%2Fwp%2Fv2%2Fmedia&parent=2410"}],"curies":[{"name":"wp","href":"https:\/\/api.w.org\/{rel}","templated":true}]}}