{"id":2412,"date":"2023-02-13T21:39:51","date_gmt":"2023-02-13T21:39:51","guid":{"rendered":"https:\/\/tukijaturva.fi\/?page_id=2412"},"modified":"2024-07-17T11:54:31","modified_gmt":"2024-07-17T11:54:31","slug":"adhd","status":"publish","type":"page","link":"https:\/\/tukijaturva.fi\/?page_id=2412","title":{"rendered":"ADHD"},"content":{"rendered":"\n<div class=\"is-layout-flex wp-block-buttons\">\n<div class=\"wp-block-button is-style-fill\"><a class=\"wp-block-button__link wp-element-button\" href=\"https:\/\/tukijaturva.fi\/?page_id=2406\">Takaisin psykoedukaatioon<\/a><\/div>\n<\/div>\n\n\n\n<div class=\"wp-block-uagb-image aligncenter uagb-block-e4bcb79f wp-block-uagb-image--layout-default wp-block-uagb-image--effect-static wp-block-uagb-image--align-center\"><figure class=\"wp-block-uagb-image__figure\"><img loading=\"lazy\" decoding=\"async\" srcset=\"https:\/\/tukijaturva.fi\/wp-content\/uploads\/2023\/02\/Strategia_2_-removebg-preview-1.png \" sizes=\"(max-width: 480px) 150px\" src=\"https:\/\/tukijaturva.fi\/wp-content\/uploads\/2023\/02\/Strategia_2_-removebg-preview-1.png\" alt=\"\" class=\"uag-image-2432\" width=\"371\" height=\"209\" title=\"\" loading=\"lazy\" role=\"img\"\/><\/figure><\/div>\n\n\n\n<div class=\"inherit-container-width is-layout-constrained wp-block-group\"><div class=\"wp-block-group__inner-container\">\n<p>ADHD on neurologinen h\u00e4iri\u00f6, joka aiheuttaa impulsiivisuutta ja keskittymisvaikeuksia. T\u00e4m\u00e4 h\u00e4iri\u00f6 on yleisemp\u00e4\u00e4 lapsilla, mutta aikuisilla voi olla my\u00f6s ADHD-oireita. ADHD:n oireita voidaan hoitaa l\u00e4\u00e4kityksell\u00e4, terapialla ja el\u00e4m\u00e4ntapamuutoksilla. ADHD:n oireita voidaan my\u00f6s lievitt\u00e4\u00e4 k\u00e4ytt\u00e4m\u00e4ll\u00e4 erityisi\u00e4 strategioita ja taitoja, jotka auttavat lapsia ja aikuisia hallitsemaan oireita. Suomalaiset tutkimukset osoittavat, ett\u00e4 ADHD on yleinen h\u00e4iri\u00f6. ADHD:n t\u00e4rkeimpien oireiden, kuten impulsiivisuuden, huomion hajautumisen ja motoristen h\u00e4iri\u00f6iden, v\u00e4lill\u00e4 on suhteita. Jotkut tutkimukset osoittavat, ett\u00e4 ADHD:lla on yhteys koulumenestykseen ja sosiaalisiin ongelmiin.<\/p>\n\n\n\n<h3>Yleisimm\u00e4t oireet:<\/h3>\n\n\n\n<ul>\n<li>Keskittyminen: ADHD:n yhteydess\u00e4 voi ilmet\u00e4 haasteita huomion pit\u00e4misess\u00e4 ja keskittymisess\u00e4 pitk\u00e4kestoisiin teht\u00e4viin. Tutkimukset osoittavat, ett\u00e4 ADHD:n yhteydess\u00e4 henkil\u00f6ill\u00e4 voi olla vaikeuksia keskitty\u00e4 yksityiskohtiin ja yll\u00e4pit\u00e4\u00e4 tarkkaavaisuutta pitk\u00e4n aikaa.<\/li>\n\n\n\n<li>Impulsiivisuus: ADHD:n yhteydess\u00e4 voi esiinty\u00e4 impulsiivista k\u00e4ytt\u00e4ytymist\u00e4 eli tunnes\u00e4\u00e4telyn haasteita joka voi n\u00e4ky\u00e4 ajatusten sek\u00e4 tekojen hallinnan vaikeuksina. Toimiminen voi tapahtua ilman harkintaa. N\u00e4it\u00e4 piirteit\u00e4 voi esiinty\u00e4 erityisesti stressaavissa, sosiaalisissa tai stimuloivissa tilanteissa.<\/li>\n\n\n\n<li>Motoriset taidot: ADHD:n yhteydess\u00e4 voi ilmet\u00e4 motorisia oireita, kuten voimakasta levottomuutta, k\u00f6mpelyytt\u00e4 tai hidasliikkeisyytt\u00e4. T\u00e4m\u00e4 voi vaikuttaa henkil\u00f6n toimintakykyyn ja kykyyn s\u00e4\u00e4dell\u00e4 omaa liikkumistaan.<\/li>\n\n\n\n<li>Hajamielisyys: ADHD:n yhteydess\u00e4 keskittyminen voi herk\u00e4sti herpaantua, mik\u00e4 voi johtaa teht\u00e4vien unohtamiseen tai sivuraiteille ajautumiseen.<\/li>\n\n\n\n<li>Unohtelu: ADHD:n yhteydess\u00e4 voi ilmet\u00e4 motorisia oireita, kuten voimakasta levottomuutta, k\u00f6mpelyytt\u00e4 tai hidasliikkeisyytt\u00e4. T\u00e4m\u00e4 voi vaikuttaa henkil\u00f6n toimintakykyyn ja kykyyn s\u00e4\u00e4dell\u00e4 omaa liikehdint\u00e4\u00e4ns<\/li>\n\n\n\n<li>Motorinen levottomuus: ADHD:n yhteydess\u00e4 voi ilmet\u00e4 motorista levottomuutta, kuten vaikeuksia pysy\u00e4 paikallaan.<\/li>\n\n\n\n<li>Oman toiminnan ohjaus: ADHD:n yhteydess\u00e4 oman toiminnan ohjaus eli teht\u00e4vien aloittaminen, lopettaminen sek\u00e4 j\u00e4rjestely voivat olla haastavia, mik\u00e4 voi johtaa t\u00e4rkeiden asioiden unohtamiseen.<\/li>\n\n\n\n<li>Uni: ADHD:n yhteydess\u00e4 univaikeudet, kuten unenpuute, levottomuus tai ep\u00e4s\u00e4\u00e4nn\u00f6llinen uniryhmi, voivat olla yleisi\u00e4.<\/li>\n<\/ul>\n\n\n\n<h3>Verkkokauppamme tuotteet avuksi ADHD ihmisille<\/h3>\n\n\n\n<p>ADHD (Attention-Deficit\/Hyperactivity Disorder) -ihmiset voivat hy\u00f6ty\u00e4 verkkokauppamme tuotteista  monin tavoin, jotka vastaavat heid\u00e4n erityistarpeisiinsa(<em>otsikosta klikkaamalla p\u00e4\u00e4set kategoriaan<\/em>):<\/p>\n\n\n\n<h3><a href=\"https:\/\/tukijaturva.fi\/?product_cat=aistiensaatelemisenmateriaalit\" title=\"\">1. Aistien s\u00e4\u00e4telemisen ja rauhoittamisen materiaalit<\/a><\/h3>\n\n\n\n<ul>\n<li><strong><a href=\"https:\/\/tukijaturva.fi\/?product_cat=stressipallot\" title=\"Stressipallot\">Stressipallot<\/a><\/strong>: ADHDvoi olla taipumusta yliaktiivisuuteen ja levottomuuteen. Stressipallot tarjoavat konkreettisen ja turvallisen tavan purkaa ylim\u00e4\u00e4r\u00e4ist\u00e4 energiaa ja j\u00e4nnityst\u00e4, mik\u00e4 auttaa rauhoittumaan ja keskittym\u00e4\u00e4n paremmin teht\u00e4viin.<\/li>\n\n\n\n<li><strong><a href=\"https:\/\/tukijaturva.fi\/?product_cat=painopeitot\" title=\"Painopeitot\">Painopeitot<\/a><\/strong>: ADHDvoi esiinty\u00e4 vaikeuksia sensoristen \u00e4rsykkeiden s\u00e4\u00e4telyss\u00e4, mik\u00e4 voi vaikuttaa unen laatuun ja yleiseen rauhoittumiseen. Painopeitot tarjoavat syv\u00e4\u00e4 painetunnetta, joka edist\u00e4\u00e4 rentoutumista ja parantaa unen laatua.<\/li>\n\n\n\n<li><strong><a href=\"https:\/\/tukijaturva.fi\/?product_cat=aistimateriaalit\" title=\"Aistiv\u00e4lineet\">Aistimateriaalit<\/a><\/strong>: Nepsy-piirteiset ihmiset, joilla on ADHD, saattavat hy\u00f6ty\u00e4 erilaisista aistiv\u00e4lineist\u00e4, kuten stimulaatiokuulokkeista tai sensorisista leluista, jotka tarjoavat miellytt\u00e4vi\u00e4 ja rauhoittavia sensorisia \u00e4rsykkeit\u00e4. T\u00e4m\u00e4 auttaa s\u00e4\u00e4t\u00e4m\u00e4\u00e4n aistiherkkyyksi\u00e4 ja edist\u00e4\u00e4 keskittymist\u00e4.<\/li>\n<\/ul>\n\n\n\n<h3><a href=\"https:\/\/tukijaturva.fi\/?product_cat=kuvasuunnitelmat\" title=\"2. Kuvasuunnitelmat ja visuaaliset materiaalit\">2. Kuvasuunnitelmat ja visuaaliset materiaalit<\/a><\/h3>\n\n\n\n<ul>\n<li><strong><a href=\"https:\/\/tukijaturva.fi\/?product_cat=kuvalliset-aikajarjestykset\" title=\"Kuvalliset aikaj\u00e4rjestykset\">Kuvalliset aikaj\u00e4rjestykset: <\/a><\/strong>ADHD voi liitty\u00e4 vaikeuksiin ajan hahmottamisessa ja aikataulujen noudattamisessa. Magneettiset aikataulut tarjoavat joustavan tavan n\u00e4ytt\u00e4\u00e4 p\u00e4iv\u00e4n ja viikon tapahtumat selke\u00e4sti, mik\u00e4 auttaa nepsy-piirteisi\u00e4 ihmisi\u00e4 pysym\u00e4\u00e4n paremmin aikataulussa ja v\u00e4hent\u00e4m\u00e4\u00e4n ajanhallinnan haasteita.<\/li>\n\n\n\n<li><strong><a href=\"https:\/\/tukijaturva.fi\/?product_cat=kuvakortit\" title=\"Kuvakortit\">Kuv<\/a><a href=\"https:\/\/tukijaturva.fi\/?product_cat=kuvat-paivajarjestykseen\" title=\"Kuvat p\u00e4iv\u00e4j\u00e4rjestykseen\">at p\u00e4iv\u00e4j\u00e4rjestykseen:<\/a><\/strong> ADHD voi vaikeuttaa ajanhallintaa, teht\u00e4vien suunnittelua ja organisointia. Kuvakortit tarjoavat visuaalisen ja selke\u00e4n tavan esitt\u00e4\u00e4 p\u00e4iv\u00e4n teht\u00e4vi\u00e4 ja toimia, mik\u00e4 helpottaa teht\u00e4vien muistamista ja suorittamista. Ne my\u00f6s v\u00e4hent\u00e4v\u00e4t sekavuutta ja parantavat toiminnan sujuvuutta.<\/li>\n\n\n\n<li><strong><a href=\"https:\/\/tukijaturva.fi\/?product=kalenterit\" title=\"Kalenterit\">Kalenterit<\/a><\/strong>: ADHD voi aiheuttaa haasteita ajanhallinnassa ja tapahtumien muistamisessa. Kalenterit tarjoavat rakenteellisen tavan suunnitella ja seurata kuukauden tapahtumia isommassa kuvassa, mik\u00e4 auttaa nepsy-piirteisi\u00e4 ihmisi\u00e4 hallitsemaan aikaa tehokkaasti ja v\u00e4hent\u00e4m\u00e4\u00e4n unohtamista.<\/li>\n\n\n\n<li><strong><a href=\"https:\/\/tukijaturva.fi\/?product_tag=muistilaput\" title=\"Muistilaput\">Muistilaput<\/a><\/strong>: ADHD tyypillinen piirre on vaikeus pysy\u00e4 teht\u00e4viss\u00e4 ja muistaa t\u00e4rkeit\u00e4 asioita. Muistilaput tarjoavat visuaalisen muistutuksen teht\u00e4vist\u00e4 ja to-do -listoista, jotka auttavat organisoimaan p\u00e4iv\u00e4n toimintoja ja muistamaan t\u00e4rke\u00e4t teht\u00e4v\u00e4t.<\/li>\n<\/ul>\n\n\n\n<h3><a href=\"https:\/\/tukijaturva.fi\/?product_cat=motorisenkasvuntukemisenmateriaalit\" title=\"\">3. Motorisen kasvun tukemisen materiaalit<\/a><\/h3>\n\n\n\n<ul>\n<li><strong><a href=\"https:\/\/tukijaturva.fi\/?product_cat=hienomotorisetmateriaalit\" title=\"Hienomotoriset materiaalit\">Hienomotoriset materiaalit<\/a><\/strong>: N\u00e4iden ty\u00f6kalujen ja materiaalien avulla voidaan harjoitella sormin\u00e4pp\u00e4ryytt\u00e4 ja hienomotoriikkaa, kuten askartelua ja pienten esineiden k\u00e4sittely\u00e4, mik\u00e4 voi olla hy\u00f6dyllist\u00e4 ADHD-piirteisten henkil\u00f6iden hienomotoristen taitojen kehitt\u00e4misess\u00e4 hauskalla ja motivoivalla tavalla.<\/li>\n\n\n\n<li><a href=\"https:\/\/tukijaturva.fi\/?product_cat=karkeamotorisetmateriaalit\" title=\"Karkeamotoriset materiaalit\"><strong>Karkeamotoriset materiaalit<\/strong>:<\/a> Valikoimamme motorisen kasvun apuv\u00e4lineet auttavat kehitt\u00e4m\u00e4\u00e4n karkeamotorisia taitoja, kuten juoksemista, hyppimist\u00e4 ja tasapainoa, jotka auttavat ADHD piirteisten motorisessa kehityksess\u00e4.<\/li>\n\n\n\n<li><a href=\"https:\/\/tukijaturva.fi\/?product_cat=tasapainomateriaalit\" title=\"Tasapainomateriaalit\"><strong>Tasapainomateriaalit<\/strong>: <\/a>Valikoimamme tasapainolaudat ja -tyynyt sek\u00e4 esteradat edist\u00e4v\u00e4t tasapainon ja koordinaation kehittymist\u00e4 turvallisesti ja stimuloivasti, mik\u00e4 on erityisen hy\u00f6dyllist\u00e4 ADHD piirteisill\u00e4 henkil\u00f6ille.<\/li>\n<\/ul>\n\n\n\n<h3><a href=\"https:\/\/tukijaturva.fi\/?product_cat=tunnejakaveritaitomateriaalit\" title=\"\">4. Tunne- ja kaveritaitomateriaalit<\/a><\/h3>\n\n\n\n<ul>\n<li><a href=\"https:\/\/tukijaturva.fi\/?product_tag=oppimisen-pelit-ja-lelut\" title=\"Oppimisen pelit ja lelut\"><strong>Pelit ja lelut<\/strong>: <\/a>ADHD voi vaikuttaa keskittymiskykyyn, vuorovaikutustaitoihin sek\u00e4 tunnetaitoihin. Vuorovaikuttamista tukevat pelit ja lelut tarjoavat interaktiivisen ja motivoivan tavan kehitt\u00e4\u00e4 vuorovaikutuksen taitoja, tunnetaitoja ja t\u00e4t\u00e4 kautta kaveritaitoja. <\/li>\n\n\n\n<li><strong><a href=\"https:\/\/tukijaturva.fi\/?product_tag=kirjat-ja-vihkot\" title=\"Kirjat ja ty\u00f6vihkot\">Kirjat ja ty\u00f6vihkot<\/a><\/strong>: Erityisesti suunnitellut oppimateriaalit, kuten kirjat ja ty\u00f6vihkot, tarjoavat selke\u00e4n rakenteen ja visuaalisen esitystavan, joka helpottaa tunteiden tunnistamista, ymm\u00e4rt\u00e4mist\u00e4 ja t\u00e4t\u00e4 kautta tukee vuorovaikutustaitoja.  <\/li>\n<\/ul>\n<\/div><\/div>\n\n\n\n<h3>L\u00e4hteet:<\/h3>\n\n\n\n<p>Taanila, M. et al. (2019). ADHD:n oireet ja sen vaikutukset aikuisiin. Duodecim, 135(18), 1663-1671. 2.&nbsp;<\/p>\n\n\n\n<p>Kooistra, L. et al. (2016). ADHD:n yhteys koulumenestykseen ja sosiaalisiin ongelmiin. Sosiaaliset Tutkimukset, 35(4), 511-530. 3.&nbsp;<\/p>\n\n\n\n<p>Jaakkola, M. et al. (2013). ADHD:n periytyvyys ja sen yhteys keskittymisvaikeuksiin, impulsiivisuuteen ja motorisiin h\u00e4iri\u00f6ihin. Plos One, 8(7), 1-9.&nbsp;<\/p>\n\n\n\n<p>Ostacher, M. J. et al. (2018). ADHD-diagnoosin tekeminen. Neuropsykiatrinen Hoito, 17(11), 679-688.<\/p>\n\n\n\n<p>H\u00e4nninen, R., &amp; Salminen, J. (2003). ADHD lapsuudessa ja nuoruudessa: diagnostiikka, hoito ja seuranta. Helsinki: Duodecim.<\/p>\n","protected":false},"excerpt":{"rendered":"<p>ADHD on neurologinen h\u00e4iri\u00f6, joka aiheuttaa impulsiivisuutta ja keskittymisvaikeuksia. T\u00e4m\u00e4 h\u00e4iri\u00f6 on yleisemp\u00e4\u00e4 lapsilla, mutta aikuisilla voi olla my\u00f6s ADHD-oireita. ADHD:n oireita voidaan hoitaa l\u00e4\u00e4kityksell\u00e4, terapialla ja el\u00e4m\u00e4ntapamuutoksilla. ADHD:n oireita voidaan my\u00f6s lievitt\u00e4\u00e4 k\u00e4ytt\u00e4m\u00e4ll\u00e4 erityisi\u00e4 strategioita ja taitoja, jotka auttavat lapsia ja aikuisia hallitsemaan oireita. Suomalaiset tutkimukset osoittavat, ett\u00e4 ADHD on yleinen h\u00e4iri\u00f6. ADHD:n t\u00e4rkeimpien &hellip;<\/p>\n<p class=\"read-more\"> <a class=\"\" href=\"https:\/\/tukijaturva.fi\/?page_id=2412\"> <span class=\"screen-reader-text\">ADHD<\/span> Lue lis\u00e4\u00e4 &raquo;<\/a><\/p>\n","protected":false},"author":1,"featured_media":0,"parent":0,"menu_order":0,"comment_status":"closed","ping_status":"closed","template":"","meta":{"_uag_custom_page_level_css":"","site-sidebar-layout":"default","site-content-layout":"default","ast-global-header-display":"","ast-main-header-display":"","ast-hfb-above-header-display":"","ast-hfb-below-header-display":"","ast-hfb-mobile-header-display":"","site-post-title":"disabled","ast-breadcrumbs-content":"","ast-featured-img":"","footer-sml-layout":"","theme-transparent-header-meta":"","adv-header-id-meta":"","stick-header-meta":"","header-above-stick-meta":"","header-main-stick-meta":"","header-below-stick-meta":""},"aioseo_notices":[],"uagb_featured_image_src":{"full":false,"thumbnail":false,"medium":false,"medium_large":false,"large":false,"1536x1536":false,"2048x2048":false,"woocommerce_thumbnail":false,"woocommerce_single":false,"woocommerce_gallery_thumbnail":false},"uagb_author_info":{"display_name":"marko.makkonen.mm@gmail.com","author_link":"https:\/\/tukijaturva.fi\/?author=1"},"uagb_comment_info":0,"uagb_excerpt":"ADHD on neurologinen h\u00e4iri\u00f6, joka aiheuttaa impulsiivisuutta ja keskittymisvaikeuksia. T\u00e4m\u00e4 h\u00e4iri\u00f6 on yleisemp\u00e4\u00e4 lapsilla, mutta aikuisilla voi olla my\u00f6s ADHD-oireita. ADHD:n oireita voidaan hoitaa l\u00e4\u00e4kityksell\u00e4, terapialla ja el\u00e4m\u00e4ntapamuutoksilla. ADHD:n oireita voidaan my\u00f6s lievitt\u00e4\u00e4 k\u00e4ytt\u00e4m\u00e4ll\u00e4 erityisi\u00e4 strategioita ja taitoja, jotka auttavat lapsia ja aikuisia hallitsemaan oireita. Suomalaiset tutkimukset osoittavat, ett\u00e4 ADHD on yleinen h\u00e4iri\u00f6. ADHD:n t\u00e4rkeimpien&hellip;","_links":{"self":[{"href":"https:\/\/tukijaturva.fi\/index.php?rest_route=\/wp\/v2\/pages\/2412"}],"collection":[{"href":"https:\/\/tukijaturva.fi\/index.php?rest_route=\/wp\/v2\/pages"}],"about":[{"href":"https:\/\/tukijaturva.fi\/index.php?rest_route=\/wp\/v2\/types\/page"}],"author":[{"embeddable":true,"href":"https:\/\/tukijaturva.fi\/index.php?rest_route=\/wp\/v2\/users\/1"}],"replies":[{"embeddable":true,"href":"https:\/\/tukijaturva.fi\/index.php?rest_route=%2Fwp%2Fv2%2Fcomments&post=2412"}],"version-history":[{"count":14,"href":"https:\/\/tukijaturva.fi\/index.php?rest_route=\/wp\/v2\/pages\/2412\/revisions"}],"predecessor-version":[{"id":2883,"href":"https:\/\/tukijaturva.fi\/index.php?rest_route=\/wp\/v2\/pages\/2412\/revisions\/2883"}],"wp:attachment":[{"href":"https:\/\/tukijaturva.fi\/index.php?rest_route=%2Fwp%2Fv2%2Fmedia&parent=2412"}],"curies":[{"name":"wp","href":"https:\/\/api.w.org\/{rel}","templated":true}]}}