{"id":2414,"date":"2023-02-13T21:39:38","date_gmt":"2023-02-13T21:39:38","guid":{"rendered":"https:\/\/tukijaturva.fi\/?page_id=2414"},"modified":"2024-07-17T11:54:27","modified_gmt":"2024-07-17T11:54:27","slug":"add","status":"publish","type":"page","link":"https:\/\/tukijaturva.fi\/?page_id=2414","title":{"rendered":"ADD"},"content":{"rendered":"\n<div class=\"is-layout-flex wp-block-buttons\">\n<div class=\"wp-block-button\"><a class=\"wp-block-button__link wp-element-button\" href=\"https:\/\/tukijaturva.fi\/?page_id=2406\">Takaisin psykoedukaatioon<\/a><\/div>\n<\/div>\n\n\n\n<div class=\"wp-block-uagb-image aligncenter uagb-block-ff9b23cb wp-block-uagb-image--layout-default wp-block-uagb-image--effect-static wp-block-uagb-image--align-center\"><figure class=\"wp-block-uagb-image__figure\"><img loading=\"lazy\" decoding=\"async\" srcset=\"https:\/\/tukijaturva.fi\/wp-content\/uploads\/2023\/02\/Strategia_3_-removebg-preview.png \" sizes=\"(max-width: 480px) 150px\" src=\"https:\/\/tukijaturva.fi\/wp-content\/uploads\/2023\/02\/Strategia_3_-removebg-preview.png\" alt=\"\" class=\"uag-image-2431\" width=\"314\" height=\"177\" title=\"\" loading=\"lazy\" role=\"img\"\/><\/figure><\/div>\n\n\n\n<p>ADD ja ADHD ovat molemmat keskittymisvaikeuksien ja hyperaktiivisuuden sekamuotoja. ADD:ll\u00e4 on samoja oireita kuin ADHD:ll\u00e4, mutta ADHD:ss\u00e4 on lis\u00e4ksi hyperaktiivisuutta. ADD:ss\u00e4 ei ole hyperaktiivisuutta, vaan oireet ilmenev\u00e4t huomion puutteisuutena, huomion hajanaisuutena ja impulsiivisuutena. ADD:n oireet ovat v\u00e4hemm\u00e4n vakavia kuin ADHD:n oireet. ADD:n oireita voidaan hallita muutamilla muun muassa terapeuttisilla menetelmill\u00e4, l\u00e4\u00e4kkeill\u00e4 ja el\u00e4m\u00e4ntapamuutoksilla. Suomessa ADD:lle on laajasti saatavilla olevia neuvonta- ja hoitopalveluja.<\/p>\n\n\n\n<h3>Yleisimm\u00e4t oireet:<\/h3>\n\n\n\n<ul>\n<li>Keskittyminen: ADD:n yhteydess\u00e4 huomiokyvyn haasteet voivat aiheuttaa vaikeuksia keskittymisess\u00e4 ja huomion vaihtelussa. Tutkimukset osoittavat, ett\u00e4 ADD henkil\u00f6ill\u00e4 voi olla vaikeuksia yll\u00e4pit\u00e4\u00e4 tarkkaavaisuutta ja keskitty\u00e4 yksityiskohtiin pitk\u00e4n aikaa.<\/li>\n\n\n\n<li>Impulsiivisuus: ADD:n yhteydess\u00e4 voi esiinty\u00e4 impulsiivista k\u00e4ytt\u00e4ytymist\u00e4 eli tunnes\u00e4\u00e4telyn haasteita joka voi n\u00e4ky\u00e4 ajatusten sek\u00e4 tekojen hallinnan vaikeuksina. N\u00e4it\u00e4 piirteit\u00e4 voi esiinty\u00e4 erityisesti stressaavissa, sosiaalisissa tai stimuloivissa tilanteissa.<\/li>\n\n\n\n<li>Motoriset taidot: ADD:n yhteydess\u00e4 voi ilmet\u00e4 motorisia oireita, kuten voimakasta levottomuutta, k\u00f6mpelyytt\u00e4 tai hidasliikkeisyytt\u00e4. T\u00e4m\u00e4 voi vaikuttaa henkil\u00f6n toimintakykyyn ja kykyyn s\u00e4\u00e4dell\u00e4 omaa liikkumistaan.<\/li>\n\n\n\n<li>Hajamielisyys: ADD:ss\u00e4 henkil\u00f6ill\u00e4 voi olla kognitiivisia haasteita, kuten muistamisen vaikeuksia, keskittymiskyvyn heikkenemist\u00e4 ja oppimisvaikeuksia. N\u00e4m\u00e4 haasteet voivat vaikuttaa p\u00e4ivitt\u00e4isiin toimintoihin ja oppimiseen.<\/li>\n\n\n\n<li>Unohtelu: ADD:n yhteydess\u00e4 muistamisen ja tiedon s\u00e4ilytt\u00e4misen haasteet voivat ilmet\u00e4 t\u00e4rkeiden p\u00e4iv\u00e4m\u00e4\u00e4rien ja asioiden unohtamisena.<\/li>\n\n\n\n<li>Oman toiminnan ohjaus: ADD:n yhteydess\u00e4 oman toiminnan ohjaus eli teht\u00e4vien aloittaminen, lopettaminen sek\u00e4 j\u00e4rjestely voivat olla haastavia, mik\u00e4 voi johtaa t\u00e4rkeiden asioiden unohtamiseen.<\/li>\n\n\n\n<li>Unih\u00e4iri\u00f6t: ADD:n yhteydess\u00e4 voi esiinty\u00e4 unih\u00e4iri\u00f6it\u00e4, kuten unen vaikeuksia, unirytmin ep\u00e4s\u00e4\u00e4nn\u00f6llisyytt\u00e4 tai unen laadun heikkenemist\u00e4. N\u00e4m\u00e4 unih\u00e4iri\u00f6t voivat vaikuttaa henkil\u00f6n vireystilaan ja p\u00e4iv\u00e4aikaiseen toimintakykyyn.<\/li>\n<\/ul>\n\n\n\n<h3>Verkkokauppamme tuotteet avuksi ADHD ihmisille<\/h3>\n\n\n\n<p>ADD (Attention-Deficit Disorder) -ihmiset voivat hy\u00f6ty\u00e4 verkkokauppamme tuotteista  monin tavoin, jotka vastaavat heid\u00e4n erityistarpeisiinsa(<em>otsikosta klikkaamalla p\u00e4\u00e4set kategoriaan<\/em>):<\/p>\n\n\n\n<h3><a href=\"https:\/\/tukijaturva.fi\/?product_cat=aistiensaatelemisenmateriaalit\" title=\"\">1. Aistien s\u00e4\u00e4telemisen ja rauhoittamisen materiaalit<\/a><\/h3>\n\n\n\n<ul>\n<li><strong><a href=\"https:\/\/tukijaturva.fi\/?product_cat=stressipallot\" title=\"Stressipallot\">Stressipallot<\/a><\/strong>: ADD voi aiheuttaa levottomuutta ja yliaktiivisuutta. Stressipallot tarjoavat turvallisen tavan purkaa ylim\u00e4\u00e4r\u00e4ist\u00e4 energiaa ja j\u00e4nnityst\u00e4, mik\u00e4 edist\u00e4\u00e4 rauhoittumista ja keskittymiskyvyn parantumista teht\u00e4viss\u00e4.<\/li>\n\n\n\n<li><strong><a href=\"https:\/\/tukijaturva.fi\/?product_cat=painopeitot\" title=\"Painopeitot\">Painopeitot<\/a><\/strong>: Sensoristen \u00e4rsykkeiden s\u00e4\u00e4telyn vaikeudet voivat vaikuttaa unen laatuun. Painopeitot tarjoavat syv\u00e4\u00e4 painetunnetta, joka auttaa rentoutumaan ja parantaa unen laatua.<\/li>\n\n\n\n<li><strong><a href=\"https:\/\/tukijaturva.fi\/?product_cat=aistimateriaalit\" title=\"Aistiv\u00e4lineet\">Aistimateriaalit<\/a><\/strong>: Erilaiset aistiv\u00e4lineet, kuten stimulaatiokuulokkeet tai sensoriset lelut, voivat tarjota miellytt\u00e4vi\u00e4 ja rauhoittavia sensorisia \u00e4rsykkeit\u00e4, jotka auttavat s\u00e4\u00e4t\u00e4m\u00e4\u00e4n aistiherkkyyksi\u00e4 ja edist\u00e4v\u00e4t keskittymist\u00e4.<\/li>\n<\/ul>\n\n\n\n<h3><a href=\"https:\/\/tukijaturva.fi\/?product_cat=kuvasuunnitelmat\" title=\"\">2. Kuvasuunnitelmat ja visuaaliset materiaalit<\/a><\/h3>\n\n\n\n<ul>\n<li><strong><a href=\"https:\/\/tukijaturva.fi\/?product_cat=kuvalliset-aikajarjestykset\" title=\"Kuvalliset aikaj\u00e4rjestykset\">Kuvalliset aikaj\u00e4rjestykset: <\/a><\/strong>: Ajan hahmottamisen haasteet voivat vaikeuttaa aikataulujen noudattamista. Magneettiset aikataulut tarjoavat joustavan tavan n\u00e4ytt\u00e4\u00e4 p\u00e4iv\u00e4n ja viikon tapahtumat selke\u00e4sti, mik\u00e4 auttaa pysym\u00e4\u00e4n aikataulussa.<\/li>\n\n\n\n<li><strong><a href=\"https:\/\/tukijaturva.fi\/?product_cat=kuvakortit\" title=\"Kuvakortit\">Kuv<\/a><a href=\"https:\/\/tukijaturva.fi\/?product_cat=kuvat-paivajarjestykseen\" title=\"Kuvat p\u00e4iv\u00e4j\u00e4rjestykseen\">at p\u00e4iv\u00e4j\u00e4rjestykseen:<\/a><\/strong>  ADD voi vaikeuttaa ajanhallintaa ja teht\u00e4vien suunnittelua. Kuvakortit tarjoavat selke\u00e4n visuaalisen tavan esitt\u00e4\u00e4 p\u00e4iv\u00e4n teht\u00e4v\u00e4t ja toimet, mik\u00e4 auttaa muistamaan ja suorittamaan teht\u00e4v\u00e4t tehokkaasti.<\/li>\n<\/ul>\n\n\n\n<ul>\n<li><strong><a href=\"https:\/\/tukijaturva.fi\/?product_cat=kalenterit\" title=\"Kalenterit\">Kalenterit<\/a><\/strong>: Ajanhallinnan haasteet voivat vaikeuttaa tapahtumien muistamista. Kalenterit tarjoavat rakenteellisen tavan suunnitella ja seurata p\u00e4ivitt\u00e4isi\u00e4 tapahtumia tehokkaasti seurata kuukauden tapahtumia isommassa kuvassa,<\/li>\n\n\n\n<li><strong><a href=\"https:\/\/tukijaturva.fi\/?product_cat=muistilaput\" title=\"Muistilaput\">Muistilaput<\/a><\/strong>: ADD-piirteisill\u00e4 voi olla vaikeuksia pysy\u00e4 teht\u00e4viss\u00e4 ja muistaa t\u00e4rkeit\u00e4 asioita. Muistilaput tarjoavat visuaalisen muistutuksen teht\u00e4vist\u00e4 ja to-do -listoista, mik\u00e4 auttaa organisoimaan p\u00e4iv\u00e4n toimintoja.<\/li>\n<\/ul>\n\n\n\n<h3><a href=\"https:\/\/tukijaturva.fi\/?product_cat=motorisenkasvuntukemisenmateriaalit\" title=\"\">3. Motorisen kasvun tukemisen materiaalit<\/a><\/h3>\n\n\n\n<ul>\n<li><a href=\"https:\/\/tukijaturva.fi\/?product_cat=hienomotorisetmateriaalit\" title=\"Hienomotoriset materiaalit\"><strong>Hienomotoriset materiaalit<\/strong>:<\/a> N\u00e4iden ty\u00f6kalujen ja materiaalien avulla voidaan harjoitella sormin\u00e4pp\u00e4ryytt\u00e4 ja hienomotoriikkaa, kuten askartelua ja pienten esineiden k\u00e4sittely\u00e4, mik\u00e4 voi olla hy\u00f6dyllist\u00e4 ADHD-piirteisten henkil\u00f6iden hienomotoristen taitojen kehitt\u00e4misess\u00e4 hauskalla ja motivoivalla tavalla.<\/li>\n\n\n\n<li><a href=\"https:\/\/tukijaturva.fi\/?product_cat=karkeamotorisetmateriaalit\" title=\"Karkeamotoriset materiaalit\"><strong>Karkeamotoriset materiaalit<\/strong>: <\/a>Valikoimamme motorisen kasvun apuv\u00e4lineet auttavat kehitt\u00e4m\u00e4\u00e4n karkeamotorisia taitoja, kuten juoksemista, hyppimist\u00e4 ja tasapainoa, jotka auttavat ADHD piirteisten motorisessa kehityksess\u00e4.<\/li>\n\n\n\n<li><strong><a href=\"https:\/\/tukijaturva.fi\/?product_cat=tasapainomateriaalit\" title=\"Tasapainomateriaalit\">Tasapainomateriaalit<\/a><\/strong>: Valikoimamme tasapainolaudat ja -tyynyt sek\u00e4 esteradat edist\u00e4v\u00e4t tasapainon ja koordinaation kehittymist\u00e4 turvallisesti ja stimuloivasti, mik\u00e4 on erityisen hy\u00f6dyllist\u00e4 ADHD piirteisill\u00e4 henkil\u00f6ille.<\/li>\n<\/ul>\n\n\n\n<h3><a href=\"https:\/\/tukijaturva.fi\/?product_cat=tunnejakaveritaitomateriaalit\" title=\"\">4. <strong>Tunne- ja kaveritaitojen materiaalit<\/strong><\/a><\/h3>\n\n\n\n<ul>\n<li><strong><a href=\"https:\/\/tukijaturva.fi\/?product_cat=pelit-ja-lelut\" title=\"Pelit ja lelut\">Pelit ja lelut<\/a><\/strong>: ADHD voi vaikuttaa keskittymiskykyyn ja vuorovaikutustaitoihin. Vuorovaikuttamista tukevat pelit ja lelut tarjoavat interaktiivisen ja motivoivan tavan kehitt\u00e4\u00e4 vuorovaikutuksen taitoja sek\u00e4 tunnetaitoja.<\/li>\n\n\n\n<li><strong><a href=\"https:\/\/tukijaturva.fi\/?product_tag=kirjat-ja-vihkot\" title=\"Kirjat ja vihkot\">Kirjat ja ty\u00f6vihkot<\/a><\/strong>: Erityisesti suunnitellut oppimateriaalit, kuten kirjat ja ty\u00f6vihkot, tarjoavat selke\u00e4n rakenteen ja visuaalisen esitystavan, joka tukee tunteiden tunnistamista ja ymm\u00e4rt\u00e4mist\u00e4, sek\u00e4 siten kehitt\u00e4\u00e4 vuorovaikutustaitoja.<\/li>\n<\/ul>\n\n\n\n<h3>L\u00e4hteet:<\/h3>\n\n\n\n<p>Lepp\u00e4nen, J., &amp; Kuoppasalmi, K. (2017). ADD ja ADHD: Oireiden ymm\u00e4rt\u00e4minen ja hoito. Helsinki: Sanoma Pro.&nbsp;<\/p>\n\n\n\n<p>Ahonen, T., &amp; Kielinen, M. (2006). ADD: Ymm\u00e4rr\u00e4 ja auta. Helsinki: WSOY.&nbsp;<\/p>\n\n\n\n<p>Ebeling, H., &amp; J\u00e4rvelin, M. (2013). ADHD ja ADD: Oireet, diagnostiikka ja hoito. Helsinki: Gaudeamus.<\/p>\n\n\n\n<p>P\u00e4\u00e4kk\u00f6nen, A. (2019). ADHD \u2013 oireet, diagnoosi ja hoito. Helsinki: Kustannus Oy Duodecim.&nbsp;<\/p>\n\n\n\n<p>H\u00e4nninen, R., &amp; Salminen, J. (2003). ADHD lapsuudessa ja nuoruudessa: diagnostiikka, hoito ja seuranta. Helsinki: Duodecim.<\/p>\n","protected":false},"excerpt":{"rendered":"<p>ADD ja ADHD ovat molemmat keskittymisvaikeuksien ja hyperaktiivisuuden sekamuotoja. ADD:ll\u00e4 on samoja oireita kuin ADHD:ll\u00e4, mutta ADHD:ss\u00e4 on lis\u00e4ksi hyperaktiivisuutta. ADD:ss\u00e4 ei ole hyperaktiivisuutta, vaan oireet ilmenev\u00e4t huomion puutteisuutena, huomion hajanaisuutena ja impulsiivisuutena. ADD:n oireet ovat v\u00e4hemm\u00e4n vakavia kuin ADHD:n oireet. ADD:n oireita voidaan hallita muutamilla muun muassa terapeuttisilla menetelmill\u00e4, l\u00e4\u00e4kkeill\u00e4 ja el\u00e4m\u00e4ntapamuutoksilla. Suomessa ADD:lle &hellip;<\/p>\n<p class=\"read-more\"> <a class=\"\" href=\"https:\/\/tukijaturva.fi\/?page_id=2414\"> <span class=\"screen-reader-text\">ADD<\/span> Lue lis\u00e4\u00e4 &raquo;<\/a><\/p>\n","protected":false},"author":1,"featured_media":0,"parent":0,"menu_order":0,"comment_status":"closed","ping_status":"closed","template":"","meta":{"_uag_custom_page_level_css":"","site-sidebar-layout":"default","site-content-layout":"default","ast-global-header-display":"","ast-main-header-display":"","ast-hfb-above-header-display":"","ast-hfb-below-header-display":"","ast-hfb-mobile-header-display":"","site-post-title":"disabled","ast-breadcrumbs-content":"","ast-featured-img":"","footer-sml-layout":"","theme-transparent-header-meta":"","adv-header-id-meta":"","stick-header-meta":"","header-above-stick-meta":"","header-main-stick-meta":"","header-below-stick-meta":""},"aioseo_notices":[],"uagb_featured_image_src":{"full":false,"thumbnail":false,"medium":false,"medium_large":false,"large":false,"1536x1536":false,"2048x2048":false,"woocommerce_thumbnail":false,"woocommerce_single":false,"woocommerce_gallery_thumbnail":false},"uagb_author_info":{"display_name":"marko.makkonen.mm@gmail.com","author_link":"https:\/\/tukijaturva.fi\/?author=1"},"uagb_comment_info":0,"uagb_excerpt":"ADD ja ADHD ovat molemmat keskittymisvaikeuksien ja hyperaktiivisuuden sekamuotoja. ADD:ll\u00e4 on samoja oireita kuin ADHD:ll\u00e4, mutta ADHD:ss\u00e4 on lis\u00e4ksi hyperaktiivisuutta. ADD:ss\u00e4 ei ole hyperaktiivisuutta, vaan oireet ilmenev\u00e4t huomion puutteisuutena, huomion hajanaisuutena ja impulsiivisuutena. ADD:n oireet ovat v\u00e4hemm\u00e4n vakavia kuin ADHD:n oireet. ADD:n oireita voidaan hallita muutamilla muun muassa terapeuttisilla menetelmill\u00e4, l\u00e4\u00e4kkeill\u00e4 ja el\u00e4m\u00e4ntapamuutoksilla. Suomessa ADD:lle&hellip;","_links":{"self":[{"href":"https:\/\/tukijaturva.fi\/index.php?rest_route=\/wp\/v2\/pages\/2414"}],"collection":[{"href":"https:\/\/tukijaturva.fi\/index.php?rest_route=\/wp\/v2\/pages"}],"about":[{"href":"https:\/\/tukijaturva.fi\/index.php?rest_route=\/wp\/v2\/types\/page"}],"author":[{"embeddable":true,"href":"https:\/\/tukijaturva.fi\/index.php?rest_route=\/wp\/v2\/users\/1"}],"replies":[{"embeddable":true,"href":"https:\/\/tukijaturva.fi\/index.php?rest_route=%2Fwp%2Fv2%2Fcomments&post=2414"}],"version-history":[{"count":9,"href":"https:\/\/tukijaturva.fi\/index.php?rest_route=\/wp\/v2\/pages\/2414\/revisions"}],"predecessor-version":[{"id":2882,"href":"https:\/\/tukijaturva.fi\/index.php?rest_route=\/wp\/v2\/pages\/2414\/revisions\/2882"}],"wp:attachment":[{"href":"https:\/\/tukijaturva.fi\/index.php?rest_route=%2Fwp%2Fv2%2Fmedia&parent=2414"}],"curies":[{"name":"wp","href":"https:\/\/api.w.org\/{rel}","templated":true}]}}