{"id":2416,"date":"2023-02-13T21:40:17","date_gmt":"2023-02-13T21:40:17","guid":{"rendered":"https:\/\/tukijaturva.fi\/?page_id=2416"},"modified":"2023-02-13T22:33:00","modified_gmt":"2023-02-13T22:33:00","slug":"dysfasia","status":"publish","type":"page","link":"https:\/\/tukijaturva.fi\/?page_id=2416","title":{"rendered":"Dysfasia"},"content":{"rendered":"\n<div class=\"is-layout-flex wp-block-buttons\">\n<div class=\"wp-block-button\"><a class=\"wp-block-button__link wp-element-button\" href=\"https:\/\/tukijaturva.fi\/?page_id=2406\">Takaisin psykoedukaatioon<\/a><\/div>\n<\/div>\n\n\n\n<div class=\"wp-block-uagb-image aligncenter uagb-block-98941a11 wp-block-uagb-image--layout-default wp-block-uagb-image--effect-static wp-block-uagb-image--align-center\"><figure class=\"wp-block-uagb-image__figure\"><img loading=\"lazy\" decoding=\"async\" srcset=\"https:\/\/tukijaturva.fi\/wp-content\/uploads\/2023\/02\/Strategia_4_-removebg-preview.png \" src=\"https:\/\/tukijaturva.fi\/wp-content\/uploads\/2023\/02\/Strategia_4_-removebg-preview.png\" alt=\"\" class=\"uag-image-2430\" width=\"348\" height=\"196\" title=\"\" loading=\"lazy\"\/><\/figure><\/div>\n\n\n\n<p>Dysfasia on neuropsykiatrinen oire, joka johtuu aivojen toimintah\u00e4iri\u00f6st\u00e4. Se voi ilmet\u00e4 puheh\u00e4iri\u00f6n\u00e4, kielellisen\u00e4 toimintakyvyn heikkenemisen\u00e4 ja puheen ymm\u00e4rt\u00e4misen vaikeutena. Dysfasian oireita voivat olla my\u00f6s puheen tuottamisen vaikeudet, ep\u00e4selv\u00e4 puhe, puheen laadun heikkeneminen, muistin heikkeneminen ja lukih\u00e4iri\u00f6. Dysfasia voi olla seurausta aivojen vammoista, neurologisista sairauksista, kasvulohkojen kehitysh\u00e4iri\u00f6ist\u00e4 tai kokemuksista.&nbsp;<\/p>\n\n\n\n<h3>Yleisimm\u00e4t oireet:<\/h3>\n\n\n\n<p>1. Puheen ja kielen kehityksen h\u00e4iri\u00f6t: Dysfasiassa lapset voivat esiinty\u00e4 viiv\u00e4styneess\u00e4 puhe- ja kielenkehityksess\u00e4. He saattavat olla my\u00f6h\u00e4ss\u00e4, kun se tulee sanojen ja lausuntojen puhumiseen ja ymm\u00e4rt\u00e4miseen.&nbsp;<\/p>\n\n\n\n<p>2. Vastaanottamisen ja l\u00e4hett\u00e4misen vaikeudet: Dysfasian omaavilla lapsilla voi olla vaikeuksia viestinn\u00e4n vastaanottamisessa ja l\u00e4hett\u00e4misess\u00e4. He saattavat olla vaikeuksia ymm\u00e4rt\u00e4\u00e4 muiden ihmisten viestej\u00e4 ja ilmaista omia ajatuksiaan.&nbsp;<\/p>\n\n\n\n<p>3. Heikko lukemis- ja kirjoitustaito: Dysfasiassa lapsilla voi olla vaikeuksia lukemisessa ja kirjoittamisessa. He saattavat olla vaikeuksia tunnistaa sanoja ja kirjoittaa niit\u00e4 oikein.&nbsp;<\/p>\n\n\n\n<p>4. Esitt\u00e4mist\u00e4 ja ymm\u00e4rt\u00e4mist\u00e4 koskevat vaikeudet: Dysfasiassa lapsilla voi olla vaikeuksia esitt\u00e4\u00e4 ja ymm\u00e4rt\u00e4\u00e4 keskusteluja ja k\u00e4ytt\u00e4\u00e4 \u00e4\u00e4nt\u00e4miskielioppia.<\/p>\n\n\n\n<p>5. Puheen ja \u00e4\u00e4nteiden tuottamiseen liittyv\u00e4t ongelmat: Dysfasiassa lapsilla voi olla vaikeuksia tuottaa sanoja ja \u00e4\u00e4nteit\u00e4 oikein. He saattavat olla vaikeuksia hallita puheen intonaatiota, \u00e4\u00e4nenvoimakkuutta ja artikulaatiota.&nbsp;<\/p>\n\n\n\n<p>6. Kielen ymm\u00e4rt\u00e4miseen, tuottamiseen ja k\u00e4sittelemiseen liittyv\u00e4t ongelmat: Dysfasiassa lapsilla voi olla vaikeuksia ymm\u00e4rt\u00e4\u00e4 ja tuottaa kieli\u00e4 sek\u00e4 k\u00e4sitell\u00e4 keskusteluja. He voivat olla vaikeuksia sekoittaa sanoja ja lauseita ja ymm\u00e4rt\u00e4\u00e4 \u00e4\u00e4nt\u00e4miskielioppia.&nbsp;<\/p>\n\n\n\n<p>7. Oppimisen ja keskittymisen vaikeudet: Dysfasiassa lapsilla voi olla vaikeuksia oppia ja keskitty\u00e4. He saattavat olla vaikeuksia hallita tarkkaavaisuutta ja pitk\u00e4kestoisia teht\u00e4vi\u00e4.<\/p>\n\n\n\n<h3>Neuropsykiatrinen valmennus<\/h3>\n\n\n\n<p>Neuropsykiatrinen valmennus voi auttaa dysfasiassa monin tavoin. Valmentaja voi auttaa oppimaan parhaat tavat viesti\u00e4, jotta viestint\u00e4 olisi selke\u00e4\u00e4 ja t\u00e4sm\u00e4llist\u00e4. Valmentaja voi my\u00f6s auttaa l\u00f6yt\u00e4m\u00e4\u00e4n uusia tapoja kommunikoida, kuten k\u00e4ytt\u00e4m\u00e4ll\u00e4 kuvaa tai \u00e4\u00e4nt\u00e4. Valmentaja voi my\u00f6s auttaa kehitt\u00e4m\u00e4\u00e4n strategioita, joiden avulla on helpompi ymm\u00e4rt\u00e4\u00e4 ja toteuttaa k\u00e4skettyj\u00e4 teht\u00e4vi\u00e4. Lis\u00e4ksi valmentaja voi auttaa oppilasta ymm\u00e4rt\u00e4m\u00e4\u00e4n omaa kehityst\u00e4\u00e4n ja omia vahvuuksiaan, jotta oppilas voi k\u00e4ytt\u00e4\u00e4 niit\u00e4 hyv\u00e4kseen.<\/p>\n\n\n\n<h3>L\u00e4hteet:<\/h3>\n\n\n\n<p>Dysfasia, Sanna J\u00e4rvenp\u00e4\u00e4, Duodecim, 2020.<\/p>\n\n\n\n<p>Dysfasia &#8211; Ymm\u00e4rt\u00e4\u00e4, tukea ja auttaa, toim. Kaisa Kujala ja Jussi Tuovinen (2010), Kustannus Oy Duodecim.<\/p>\n\n\n\n<p>Dysfasia \u2013 Tunne ja ymm\u00e4rr\u00e4, Kirsti Kumpulainen, 2019.<\/p>\n\n\n\n<p>Dysfasia: Kliinisen diagnoosin ja kuntoutuksen perusteet. M. Fey, T. Catts, K. Gillam, 2019. Dysfasia: K\u00e4yt\u00e4nn\u00f6n opas l\u00e4\u00e4k\u00e4reille, terveydenhoitajille ja kuntoutujille. K. Gillam, J. Gillam, E. Yoder, 2010.<\/p>\n","protected":false},"excerpt":{"rendered":"<p>Dysfasia on neuropsykiatrinen oire, joka johtuu aivojen toimintah\u00e4iri\u00f6st\u00e4. Se voi ilmet\u00e4 puheh\u00e4iri\u00f6n\u00e4, kielellisen\u00e4 toimintakyvyn heikkenemisen\u00e4 ja puheen ymm\u00e4rt\u00e4misen vaikeutena. Dysfasian oireita voivat olla my\u00f6s puheen tuottamisen vaikeudet, ep\u00e4selv\u00e4 puhe, puheen laadun heikkeneminen, muistin heikkeneminen ja lukih\u00e4iri\u00f6. Dysfasia voi olla seurausta aivojen vammoista, neurologisista sairauksista, kasvulohkojen kehitysh\u00e4iri\u00f6ist\u00e4 tai kokemuksista.&nbsp; Yleisimm\u00e4t oireet: 1. Puheen ja kielen kehityksen &hellip;<\/p>\n<p class=\"read-more\"> <a class=\"\" href=\"https:\/\/tukijaturva.fi\/?page_id=2416\"> <span class=\"screen-reader-text\">Dysfasia<\/span> Lue lis\u00e4\u00e4 &raquo;<\/a><\/p>\n","protected":false},"author":1,"featured_media":0,"parent":0,"menu_order":0,"comment_status":"closed","ping_status":"closed","template":"","meta":{"_uag_custom_page_level_css":"","site-sidebar-layout":"default","site-content-layout":"default","ast-global-header-display":"","ast-main-header-display":"","ast-hfb-above-header-display":"","ast-hfb-below-header-display":"","ast-hfb-mobile-header-display":"","site-post-title":"disabled","ast-breadcrumbs-content":"","ast-featured-img":"","footer-sml-layout":"","theme-transparent-header-meta":"","adv-header-id-meta":"","stick-header-meta":"","header-above-stick-meta":"","header-main-stick-meta":"","header-below-stick-meta":""},"aioseo_notices":[],"uagb_featured_image_src":{"full":false,"thumbnail":false,"medium":false,"medium_large":false,"large":false,"1536x1536":false,"2048x2048":false,"woocommerce_thumbnail":false,"woocommerce_single":false,"woocommerce_gallery_thumbnail":false},"uagb_author_info":{"display_name":"marko.makkonen.mm@gmail.com","author_link":"https:\/\/tukijaturva.fi\/?author=1"},"uagb_comment_info":0,"uagb_excerpt":"Dysfasia on neuropsykiatrinen oire, joka johtuu aivojen toimintah\u00e4iri\u00f6st\u00e4. Se voi ilmet\u00e4 puheh\u00e4iri\u00f6n\u00e4, kielellisen\u00e4 toimintakyvyn heikkenemisen\u00e4 ja puheen ymm\u00e4rt\u00e4misen vaikeutena. Dysfasian oireita voivat olla my\u00f6s puheen tuottamisen vaikeudet, ep\u00e4selv\u00e4 puhe, puheen laadun heikkeneminen, muistin heikkeneminen ja lukih\u00e4iri\u00f6. Dysfasia voi olla seurausta aivojen vammoista, neurologisista sairauksista, kasvulohkojen kehitysh\u00e4iri\u00f6ist\u00e4 tai kokemuksista.&nbsp; Yleisimm\u00e4t oireet: 1. Puheen ja kielen kehityksen&hellip;","_links":{"self":[{"href":"https:\/\/tukijaturva.fi\/index.php?rest_route=\/wp\/v2\/pages\/2416"}],"collection":[{"href":"https:\/\/tukijaturva.fi\/index.php?rest_route=\/wp\/v2\/pages"}],"about":[{"href":"https:\/\/tukijaturva.fi\/index.php?rest_route=\/wp\/v2\/types\/page"}],"author":[{"embeddable":true,"href":"https:\/\/tukijaturva.fi\/index.php?rest_route=\/wp\/v2\/users\/1"}],"replies":[{"embeddable":true,"href":"https:\/\/tukijaturva.fi\/index.php?rest_route=%2Fwp%2Fv2%2Fcomments&post=2416"}],"version-history":[{"count":4,"href":"https:\/\/tukijaturva.fi\/index.php?rest_route=\/wp\/v2\/pages\/2416\/revisions"}],"predecessor-version":[{"id":2518,"href":"https:\/\/tukijaturva.fi\/index.php?rest_route=\/wp\/v2\/pages\/2416\/revisions\/2518"}],"wp:attachment":[{"href":"https:\/\/tukijaturva.fi\/index.php?rest_route=%2Fwp%2Fv2%2Fmedia&parent=2416"}],"curies":[{"name":"wp","href":"https:\/\/api.w.org\/{rel}","templated":true}]}}