{"id":2446,"date":"2023-02-13T21:40:49","date_gmt":"2023-02-13T21:40:49","guid":{"rendered":"https:\/\/tukijaturva.fi\/?page_id=2446"},"modified":"2023-02-13T22:33:34","modified_gmt":"2023-02-13T22:33:34","slug":"tourette","status":"publish","type":"page","link":"https:\/\/tukijaturva.fi\/?page_id=2446","title":{"rendered":"Tourette"},"content":{"rendered":"\n<div class=\"is-layout-flex wp-block-buttons\">\n<div class=\"wp-block-button\"><a class=\"wp-block-button__link wp-element-button\" href=\"https:\/\/tukijaturva.fi\/?page_id=2406\">Takaisin psykoedukaatioon<\/a><\/div>\n<\/div>\n\n\n\n<div class=\"wp-block-uagb-image aligncenter uagb-block-b7dd079d wp-block-uagb-image--layout-default wp-block-uagb-image--effect-static wp-block-uagb-image--align-center\"><figure class=\"wp-block-uagb-image__figure\"><img loading=\"lazy\" decoding=\"async\" srcset=\"https:\/\/tukijaturva.fi\/wp-content\/uploads\/2023\/02\/Strategia_5_-removebg-preview.png \" src=\"https:\/\/tukijaturva.fi\/wp-content\/uploads\/2023\/02\/Strategia_5_-removebg-preview.png\" alt=\"\" class=\"uag-image-2429\" width=\"323\" height=\"182\" title=\"\" loading=\"lazy\"\/><\/figure><\/div>\n\n\n\n<p>Tourette on neuropsykiatrinen h\u00e4iri\u00f6, joka aiheuttaa tahattomia ja toistuvia liikkeit\u00e4 tai \u00e4\u00e4ntely\u00e4. Se on harvinainen, mutta yleisin muoto on Tourette\u2019n oireyhtym\u00e4, joka esiintyy useimmiten lapsilla. Se voi sis\u00e4lt\u00e4\u00e4 erilaisia oireita, kuten v\u00e4\u00e4ntely\u00e4, hypp\u00e4\u00e4mist\u00e4 ja taputusta, sek\u00e4 sanallisia oireita, kuten sanan toistamista tai sanojen tahattomia k\u00e4ytt\u00f6\u00e4. Oireet voivat vaihdella vakavuudeltaan ja pahentua stressin, ahdistuksen tai innostuksen aikana. Tourette\u2019n oireyhtym\u00e4\u00e4n liittyy usein my\u00f6s keskittymisvaikeuksia ja ADHD:t\u00e4. Tourette\u2019n oireista voi olla hy\u00f6ty\u00e4, sill\u00e4 ne voivat lis\u00e4t\u00e4 luovuutta ja keskittymiskyky\u00e4. Tourette\u2019n oireyhtym\u00e4\u00e4 voidaan hoitaa k\u00e4ytt\u00e4m\u00e4ll\u00e4 l\u00e4\u00e4kkeit\u00e4, kuntoutusta ja k\u00e4ytt\u00e4ytymisterapiaa.&nbsp;<\/p>\n\n\n\n<h3>Yleisimpi\u00e4 Toureten oireita:<\/h3>\n\n\n\n<ul>\n<li>V\u00e4\u00e4ntely: V\u00e4\u00e4ntely on yleisin Tourette\u2019n oireyhtym\u00e4n oire, joka voi ilmet\u00e4 pienin\u00e4 tai voimakkaina v\u00e4\u00e4ntelyin\u00e4 tai vavahteluina. Se voi vaikuttaa p\u00e4\u00e4n, k\u00e4sien, jalkojen tai muiden kehonosien liikkeisiin.&nbsp;<\/li>\n\n\n\n<li>Hypp\u00e4\u00e4minen: Hypp\u00e4\u00e4minen on toinen Tourette\u2019n oireyhtym\u00e4n yleinen oire, jossa henkil\u00f6 voi hyppi\u00e4 tai loikata paikoillaan.&nbsp;<\/li>\n\n\n\n<li>Taputus: Taputus on Tourette\u2019n oireyhtym\u00e4n oire, jota voi ilmet\u00e4 tahattomina taputuksina ja \u00e4\u00e4ntelyin\u00e4, joita henkil\u00f6 voi tehd\u00e4 itsens\u00e4 tai muiden kanssa.&nbsp;<\/li>\n\n\n\n<li>Sanojen toistaminen: Sanojen toistaminen on toinen Tourette\u2019n oireyhtym\u00e4n oire, jossa henkil\u00f6 voi toistaa jonkin sanan tai lauseen, jota h\u00e4n on kuullut.&nbsp;<\/li>\n\n\n\n<li>Sanojen tahaton k\u00e4ytt\u00f6: Sanojen tahaton k\u00e4ytt\u00f6 on Tourette\u2019n oireyhtym\u00e4n oire, jossa henkil\u00f6 voi k\u00e4ytt\u00e4\u00e4 sanoja tai lauseita, joita h\u00e4n itse ei aio lausua.<\/li>\n<\/ul>\n\n\n\n<h3>Neuropsykiatrinen valmennus<\/h3>\n\n\n\n<p>Voit auttaa Touretten diagnoosia neuropsykiatrisella valmennuksella tarjoamalla tukea ja kannustusta diagnosoitujen henkil\u00f6iden arkeen ja tukemalla heit\u00e4 l\u00f6yt\u00e4m\u00e4\u00e4n ja k\u00e4ytt\u00e4m\u00e4\u00e4n k\u00e4ytt\u00f6kelpoisia k\u00e4yt\u00e4nt\u00f6j\u00e4 ja menetelmi\u00e4 oireiden hallintaan.<\/p>\n\n\n\n<h3>L\u00e4hteet:<\/h3>\n\n\n\n<p>T\u00e4hk\u00e4, R. (2003). Tourette\u2019n oireyhtym\u00e4 ja toimintakyvyn arviointi. Tampere: Vastapaino Oy<\/p>\n\n\n\n<p>Hakkarainen, P. (2011). Tourette-oireyhtym\u00e4: kouluttajan opas. Helsinki: Edita Oy.<\/p>\n\n\n\n<p>Haahtela, S. (2007). Tourette-oireyhtym\u00e4 \u2013 Opas l\u00e4\u00e4k\u00e4rille, vanhemmille ja kouluttajille. Helsinki: Duodecim.<\/p>\n\n\n\n<p>Pikkulinnun k\u00e4sikirja: Tourette, Oire- ja hoidonm\u00e4\u00e4ritys, toim. Petriina Heikkinen, Kustannus Oy Duodecim, 2011.<\/p>\n\n\n\n<p>Touretten oireyhtym\u00e4: Opas diagnoosiin ja hoitoon, Kirjoittanut Jukka Loukola, Kustantaja: Duodecim.<\/p>\n","protected":false},"excerpt":{"rendered":"<p>Tourette on neuropsykiatrinen h\u00e4iri\u00f6, joka aiheuttaa tahattomia ja toistuvia liikkeit\u00e4 tai \u00e4\u00e4ntely\u00e4. Se on harvinainen, mutta yleisin muoto on Tourette\u2019n oireyhtym\u00e4, joka esiintyy useimmiten lapsilla. Se voi sis\u00e4lt\u00e4\u00e4 erilaisia oireita, kuten v\u00e4\u00e4ntely\u00e4, hypp\u00e4\u00e4mist\u00e4 ja taputusta, sek\u00e4 sanallisia oireita, kuten sanan toistamista tai sanojen tahattomia k\u00e4ytt\u00f6\u00e4. Oireet voivat vaihdella vakavuudeltaan ja pahentua stressin, ahdistuksen tai innostuksen &hellip;<\/p>\n<p class=\"read-more\"> <a class=\"\" href=\"https:\/\/tukijaturva.fi\/?page_id=2446\"> <span class=\"screen-reader-text\">Tourette<\/span> Lue lis\u00e4\u00e4 &raquo;<\/a><\/p>\n","protected":false},"author":1,"featured_media":0,"parent":0,"menu_order":0,"comment_status":"closed","ping_status":"closed","template":"","meta":{"_uag_custom_page_level_css":"","site-sidebar-layout":"default","site-content-layout":"default","ast-global-header-display":"","ast-main-header-display":"","ast-hfb-above-header-display":"","ast-hfb-below-header-display":"","ast-hfb-mobile-header-display":"","site-post-title":"disabled","ast-breadcrumbs-content":"","ast-featured-img":"","footer-sml-layout":"","theme-transparent-header-meta":"","adv-header-id-meta":"","stick-header-meta":"","header-above-stick-meta":"","header-main-stick-meta":"","header-below-stick-meta":""},"aioseo_notices":[],"uagb_featured_image_src":{"full":false,"thumbnail":false,"medium":false,"medium_large":false,"large":false,"1536x1536":false,"2048x2048":false,"woocommerce_thumbnail":false,"woocommerce_single":false,"woocommerce_gallery_thumbnail":false},"uagb_author_info":{"display_name":"marko.makkonen.mm@gmail.com","author_link":"https:\/\/tukijaturva.fi\/?author=1"},"uagb_comment_info":0,"uagb_excerpt":"Tourette on neuropsykiatrinen h\u00e4iri\u00f6, joka aiheuttaa tahattomia ja toistuvia liikkeit\u00e4 tai \u00e4\u00e4ntely\u00e4. Se on harvinainen, mutta yleisin muoto on Tourette\u2019n oireyhtym\u00e4, joka esiintyy useimmiten lapsilla. Se voi sis\u00e4lt\u00e4\u00e4 erilaisia oireita, kuten v\u00e4\u00e4ntely\u00e4, hypp\u00e4\u00e4mist\u00e4 ja taputusta, sek\u00e4 sanallisia oireita, kuten sanan toistamista tai sanojen tahattomia k\u00e4ytt\u00f6\u00e4. Oireet voivat vaihdella vakavuudeltaan ja pahentua stressin, ahdistuksen tai innostuksen&hellip;","_links":{"self":[{"href":"https:\/\/tukijaturva.fi\/index.php?rest_route=\/wp\/v2\/pages\/2446"}],"collection":[{"href":"https:\/\/tukijaturva.fi\/index.php?rest_route=\/wp\/v2\/pages"}],"about":[{"href":"https:\/\/tukijaturva.fi\/index.php?rest_route=\/wp\/v2\/types\/page"}],"author":[{"embeddable":true,"href":"https:\/\/tukijaturva.fi\/index.php?rest_route=\/wp\/v2\/users\/1"}],"replies":[{"embeddable":true,"href":"https:\/\/tukijaturva.fi\/index.php?rest_route=%2Fwp%2Fv2%2Fcomments&post=2446"}],"version-history":[{"count":4,"href":"https:\/\/tukijaturva.fi\/index.php?rest_route=\/wp\/v2\/pages\/2446\/revisions"}],"predecessor-version":[{"id":2519,"href":"https:\/\/tukijaturva.fi\/index.php?rest_route=\/wp\/v2\/pages\/2446\/revisions\/2519"}],"wp:attachment":[{"href":"https:\/\/tukijaturva.fi\/index.php?rest_route=%2Fwp%2Fv2%2Fmedia&parent=2446"}],"curies":[{"name":"wp","href":"https:\/\/api.w.org\/{rel}","templated":true}]}}