{"id":40,"date":"2023-02-09T10:46:22","date_gmt":"2023-02-09T10:46:22","guid":{"rendered":"https:\/\/tukijaturva.fi\/?page_id=40"},"modified":"2024-07-06T07:20:15","modified_gmt":"2024-07-06T07:20:15","slug":"etusivu","status":"publish","type":"page","link":"https:\/\/tukijaturva.fi\/?page_id=40","title":{"rendered":"Tietoa meist\u00e4"},"content":{"rendered":"\n<div class=\"is-layout-flex wp-container-2 wp-block-columns\">\n<div class=\"is-layout-flow wp-block-column\">\n<div class=\"wp-block-uagb-image aligncenter uagb-block-738d1f91 wp-block-uagb-image--layout-default wp-block-uagb-image--effect-static wp-block-uagb-image--align-center\"><figure class=\"wp-block-uagb-image__figure\"><img loading=\"lazy\" decoding=\"async\" srcset=\"https:\/\/tukijaturva.fi\/wp-content\/uploads\/2023\/02\/Strategia-7-1024x576.png ,https:\/\/tukijaturva.fi\/wp-content\/uploads\/2023\/02\/Strategia-7-1024x576.png 780w\" sizes=\"(max-width: 480px) 150px\" src=\"https:\/\/tukijaturva.fi\/wp-content\/uploads\/2023\/02\/Strategia-7-1024x576.png\" alt=\"\" class=\"uag-image-2255\" width=\"426\" height=\"146\" title=\"\" loading=\"lazy\"\/><\/figure><\/div>\n<\/div>\n<\/div>\n\n\n\n<figure class=\"wp-block-image alignleft size-large\"><img fetchpriority=\"high\" decoding=\"async\" width=\"1024\" height=\"576\" src=\"https:\/\/tukijaturva.fi\/wp-content\/uploads\/2023\/02\/Strategia-4-1024x576.png\" alt=\"\" class=\"wp-image-78\" srcset=\"https:\/\/tukijaturva.fi\/wp-content\/uploads\/2023\/02\/Strategia-4-1024x576.png 1024w, https:\/\/tukijaturva.fi\/wp-content\/uploads\/2023\/02\/Strategia-4-600x338.png 600w, https:\/\/tukijaturva.fi\/wp-content\/uploads\/2023\/02\/Strategia-4-300x169.png 300w, https:\/\/tukijaturva.fi\/wp-content\/uploads\/2023\/02\/Strategia-4-768x432.png 768w, https:\/\/tukijaturva.fi\/wp-content\/uploads\/2023\/02\/Strategia-4-1536x864.png 1536w, https:\/\/tukijaturva.fi\/wp-content\/uploads\/2023\/02\/Strategia-4.png 1920w\" sizes=\"(max-width: 1024px) 100vw, 1024px\" \/><\/figure>\n\n\n\n<p style=\"font-size:15px\">Hei, olen Marko Makkonen ja olet juuri saapunut minun blogiini, joka k\u00e4sittelee neuropsykiatrista valmennusta sek\u00e4 tukee ammatillista kasvuani. Olen l\u00e4hihoitaja, psykofyysinen fysioterapeutti ja kouluttaudun parhaillaan neuropsykiatriseksi valmentajaksi. <\/p>\n\n\n\n<p style=\"font-size:15px\">Olen k\u00e4ynyt sosiaali- ja terveysalan perustutkinnon(l\u00e4hihoitaja) erikoistuen kuntoutukseen. Valmistuin vuonna 2011 ja ty\u00f6skentelin ensimm\u00e4iset ty\u00f6uran vuoteni julkisella sektorilla kehitysvammapuolella Honkalampikeskuksen erityiskoulussa Liperiss\u00e4, kehitysvammapuolen tuetussa asumisessa sek\u00e4 kotipalveluissa Pohjois-Karjalassa, Kainuussa sek\u00e4 Kanta-H\u00e4meess\u00e4.  Kehitysvammapuolella sain ensikosketukseni neuropsykiatrisiin piirteisiin ja kuinka niiss\u00e4 voidaan tukea asiakasta koulunk\u00e4ynniss\u00e4 sek\u00e4 arjessa.<\/p>\n\n\n\n<p style=\"font-size:15px\">Fysioterapeutiksi valmistuin vuonna 2018 ja hakeuduin t\u00f6ihin lastensuojeluun neuropsykiatrisesti oirelevien nuorten yksikk\u00f6\u00f6n. &#8221;Nepsy&#8221; yksik\u00f6ss\u00e4 tajusin psykofyysisen fysioterapian tuovan ehdottomasti lis\u00e4arvoa asiakaskunnan kanssa, koska vireystilojen s\u00e4\u00e4telyn heikkous, voimavarakeskeisyys sek\u00e4 tunnetaitojen opettaminen oli valtavan t\u00e4rke\u00e4\u00e4 nuorten ohjauksessa.  K\u00e4vin psykofyysisen fysioterapian lis\u00e4koulutuksen neuropsykiatrisia piirteit\u00e4 silm\u00e4ll\u00e4 pit\u00e4en.<\/p>\n\n\n\n<p style=\"font-size:15px\"><span style=\"color: var(--ast-global-color-3); background-color: var(--ast-global-color-5);\">Ty\u00f6skentelin hetken LAKU-kuntoutuksessa moniammatillisen tiimin j\u00e4senen\u00e4 Nokialla. LAKU-kuntoutus on neuropsykiatrisen diagnoosin saaneille lapsille ja heid\u00e4n perheilleen suunnattua kuntoutusta ja vertaistoimintaa. Ohjasin ty\u00f6ss\u00e4ni perheille psykoedukaatiota neuropsykiatrisista piirteist\u00e4<\/span> sek\u00e4 psykofyysisen fysioterapian ty\u00f6kaluilla voimavaral\u00e4ht\u00f6isyytt\u00e4 perheess\u00e4.<\/p>\n\n\n\n<p style=\"font-size:15px\">LAKU-kuntoutuksen j\u00e4lkeen tuotin psykofyysist\u00e4 fysioterapeuttista valmennusta yritt\u00e4j\u00e4n\u00e4 vuoden verran Tampereella ja sen kautta sain ensimm\u00e4isen kosketukseni yritt\u00e4jyyteen. <\/p>\n\n\n\n<p style=\"font-size:15px\">T\u00e4ll\u00e4 hetkell\u00e4 ty\u00f6skentelen Kuopiossa lastensuojelun erityisyksik\u00f6ss\u00e4 ja aloitin neuropsykiatrisen valmentajan koulutuksen. Tavoitteeni on luoda p\u00e4ivitetyn tiedon mukainen  viitekehys psykofyysisen fysioterapian yhdist\u00e4misell\u00e4 neuropsykiatriseen valmennukseen. <\/p>\n\n\n\n<p style=\"font-size:15px\">Tervetuloa matkaan!<\/p>\n","protected":false},"excerpt":{"rendered":"<p>Hei, olen Marko Makkonen ja olet juuri saapunut minun blogiini, joka k\u00e4sittelee neuropsykiatrista valmennusta sek\u00e4 tukee ammatillista kasvuani. Olen l\u00e4hihoitaja, psykofyysinen fysioterapeutti ja kouluttaudun parhaillaan neuropsykiatriseksi valmentajaksi. Olen k\u00e4ynyt sosiaali- ja terveysalan perustutkinnon(l\u00e4hihoitaja) erikoistuen kuntoutukseen. Valmistuin vuonna 2011 ja ty\u00f6skentelin ensimm\u00e4iset ty\u00f6uran vuoteni julkisella sektorilla kehitysvammapuolella Honkalampikeskuksen erityiskoulussa Liperiss\u00e4, kehitysvammapuolen tuetussa asumisessa sek\u00e4 kotipalveluissa Pohjois-Karjalassa, &hellip;<\/p>\n<p class=\"read-more\"> <a class=\"\" href=\"https:\/\/tukijaturva.fi\/?page_id=40\"> <span class=\"screen-reader-text\">Tietoa meist\u00e4<\/span> Lue lis\u00e4\u00e4 &raquo;<\/a><\/p>\n","protected":false},"author":1,"featured_media":0,"parent":0,"menu_order":0,"comment_status":"closed","ping_status":"closed","template":"","meta":{"_uag_custom_page_level_css":"","site-sidebar-layout":"default","site-content-layout":"default","ast-global-header-display":"","ast-main-header-display":"","ast-hfb-above-header-display":"","ast-hfb-below-header-display":"","ast-hfb-mobile-header-display":"","site-post-title":"disabled","ast-breadcrumbs-content":"","ast-featured-img":"","footer-sml-layout":"","theme-transparent-header-meta":"","adv-header-id-meta":"","stick-header-meta":"","header-above-stick-meta":"","header-main-stick-meta":"","header-below-stick-meta":""},"aioseo_notices":[],"uagb_featured_image_src":{"full":false,"thumbnail":false,"medium":false,"medium_large":false,"large":false,"1536x1536":false,"2048x2048":false,"woocommerce_thumbnail":false,"woocommerce_single":false,"woocommerce_gallery_thumbnail":false},"uagb_author_info":{"display_name":"marko.makkonen.mm@gmail.com","author_link":"https:\/\/tukijaturva.fi\/?author=1"},"uagb_comment_info":0,"uagb_excerpt":"Hei, olen Marko Makkonen ja olet juuri saapunut minun blogiini, joka k\u00e4sittelee neuropsykiatrista valmennusta sek\u00e4 tukee ammatillista kasvuani. Olen l\u00e4hihoitaja, psykofyysinen fysioterapeutti ja kouluttaudun parhaillaan neuropsykiatriseksi valmentajaksi. Olen k\u00e4ynyt sosiaali- ja terveysalan perustutkinnon(l\u00e4hihoitaja) erikoistuen kuntoutukseen. Valmistuin vuonna 2011 ja ty\u00f6skentelin ensimm\u00e4iset ty\u00f6uran vuoteni julkisella sektorilla kehitysvammapuolella Honkalampikeskuksen erityiskoulussa Liperiss\u00e4, kehitysvammapuolen tuetussa asumisessa sek\u00e4 kotipalveluissa Pohjois-Karjalassa,&hellip;","_links":{"self":[{"href":"https:\/\/tukijaturva.fi\/index.php?rest_route=\/wp\/v2\/pages\/40"}],"collection":[{"href":"https:\/\/tukijaturva.fi\/index.php?rest_route=\/wp\/v2\/pages"}],"about":[{"href":"https:\/\/tukijaturva.fi\/index.php?rest_route=\/wp\/v2\/types\/page"}],"author":[{"embeddable":true,"href":"https:\/\/tukijaturva.fi\/index.php?rest_route=\/wp\/v2\/users\/1"}],"replies":[{"embeddable":true,"href":"https:\/\/tukijaturva.fi\/index.php?rest_route=%2Fwp%2Fv2%2Fcomments&post=40"}],"version-history":[{"count":20,"href":"https:\/\/tukijaturva.fi\/index.php?rest_route=\/wp\/v2\/pages\/40\/revisions"}],"predecessor-version":[{"id":2834,"href":"https:\/\/tukijaturva.fi\/index.php?rest_route=\/wp\/v2\/pages\/40\/revisions\/2834"}],"wp:attachment":[{"href":"https:\/\/tukijaturva.fi\/index.php?rest_route=%2Fwp%2Fv2%2Fmedia&parent=40"}],"curies":[{"name":"wp","href":"https:\/\/api.w.org\/{rel}","templated":true}]}}