{"id":2669,"date":"2024-06-25T09:01:21","date_gmt":"2024-06-25T09:01:21","guid":{"rendered":"https:\/\/tukijaturva.fi\/?product=hoodie-with-logo-2"},"modified":"2024-06-27T05:59:13","modified_gmt":"2024-06-27T05:59:13","slug":"hoodie-with-logo-2","status":"publish","type":"product","link":"https:\/\/tukijaturva.fi\/?product=hoodie-with-logo-2","title":{"rendered":"Stressipallo"},"content":{"rendered":"<p>Sensoriset apuv\u00e4lineet ovat tuotteita, jotka auttavat s\u00e4\u00e4telem\u00e4\u00e4n aistiyliherkkyytt\u00e4 tai kiinnitt\u00e4m\u00e4\u00e4n huomion muuaalle j\u00e4nnitt\u00e4viss\u00e4 tilanteissa. N\u00e4ihin kuuluvat esimerkiksi purulelut, painopeitot ja -liivit, sensoriset lelut ja \u00e4\u00e4niymp\u00e4rist\u00f6\u00f6n liittyv\u00e4t apuv\u00e4lineet. N\u00e4m\u00e4 v\u00e4lineet tukevat keskittymist\u00e4, rauhoittumista ja auttavat stressin hallinnassa sek\u00e4 helpottavat motorista levottomuutta.<\/p>\n","protected":false},"excerpt":{"rendered":"<p>Stressipallot tarjoavat nepsy-piirteisille ihmisille konkreettisen tavan hallita stressi\u00e4 ja ahdistusta. Puristamalla stressipalloa henkil\u00f6 voi purkaa kertynytt\u00e4 j\u00e4nnityst\u00e4, motorista levottomuutta ja keskitty\u00e4 paremmin teht\u00e4viins\u00e4. T\u00e4m\u00e4 fyysinen toiminta auttaa my\u00f6s rauhoittumaan ja parantaa keskittymiskyky\u00e4.<\/p>\n","protected":false},"featured_media":0,"comment_status":"open","ping_status":"closed","template":"","meta":{"_uag_custom_page_level_css":"","site-sidebar-layout":"default","site-content-layout":"default","ast-global-header-display":"","ast-main-header-display":"","ast-hfb-above-header-display":"","ast-hfb-below-header-display":"","ast-hfb-mobile-header-display":"","site-post-title":"","ast-breadcrumbs-content":"","ast-featured-img":"","footer-sml-layout":"","theme-transparent-header-meta":"default","adv-header-id-meta":"","stick-header-meta":"","header-above-stick-meta":"","header-main-stick-meta":"","header-below-stick-meta":""},"product_cat":[36,51],"product_tag":[41,42],"aioseo_notices":[],"uagb_featured_image_src":{"full":false,"thumbnail":false,"medium":false,"medium_large":false,"large":false,"1536x1536":false,"2048x2048":false,"woocommerce_thumbnail":false,"woocommerce_single":false,"woocommerce_gallery_thumbnail":false},"uagb_author_info":{"display_name":"marko.makkonen.mm@gmail.com","author_link":"https:\/\/tukijaturva.fi\/?author=0"},"uagb_comment_info":0,"uagb_excerpt":"Stressipallot tarjoavat nepsy-piirteisille ihmisille konkreettisen tavan hallita stressi\u00e4 ja ahdistusta. Puristamalla stressipalloa henkil\u00f6 voi purkaa kertynytt\u00e4 j\u00e4nnityst\u00e4, motorista levottomuutta ja keskitty\u00e4 paremmin teht\u00e4viins\u00e4. T\u00e4m\u00e4 fyysinen toiminta auttaa my\u00f6s rauhoittumaan ja parantaa keskittymiskyky\u00e4.","_links":{"self":[{"href":"https:\/\/tukijaturva.fi\/index.php?rest_route=\/wp\/v2\/product\/2669"}],"collection":[{"href":"https:\/\/tukijaturva.fi\/index.php?rest_route=\/wp\/v2\/product"}],"about":[{"href":"https:\/\/tukijaturva.fi\/index.php?rest_route=\/wp\/v2\/types\/product"}],"replies":[{"embeddable":true,"href":"https:\/\/tukijaturva.fi\/index.php?rest_route=%2Fwp%2Fv2%2Fcomments&post=2669"}],"wp:attachment":[{"href":"https:\/\/tukijaturva.fi\/index.php?rest_route=%2Fwp%2Fv2%2Fmedia&parent=2669"}],"wp:term":[{"taxonomy":"product_cat","embeddable":true,"href":"https:\/\/tukijaturva.fi\/index.php?rest_route=%2Fwp%2Fv2%2Fproduct_cat&post=2669"},{"taxonomy":"product_tag","embeddable":true,"href":"https:\/\/tukijaturva.fi\/index.php?rest_route=%2Fwp%2Fv2%2Fproduct_tag&post=2669"}],"curies":[{"name":"wp","href":"https:\/\/api.w.org\/{rel}","templated":true}]}}