{"id":2671,"date":"2024-06-25T09:52:58","date_gmt":"2024-06-25T09:52:58","guid":{"rendered":"https:\/\/tukijaturva.fi\/?post_type=product&#038;p=2671"},"modified":"2024-06-27T06:24:53","modified_gmt":"2024-06-27T06:24:53","slug":"toiminnanohjaustyokalut","status":"publish","type":"product","link":"https:\/\/tukijaturva.fi\/?product=toiminnanohjaustyokalut","title":{"rendered":"Muistilaput"},"content":{"rendered":"<p>Toiminnanohjausty\u00f6kalut auttavat suunnittelemaan, organisoimaan ja ohjaamaan erilaisia arjen askareita. N\u00e4ihin sis\u00e4ltyv\u00e4t ajanhallintav\u00e4lineet, kuten ajastimet ja kellot, teht\u00e4v\u00e4kortit, muistilistat ja mobiilisovellukset, jotka tukevat itsen\u00e4ist\u00e4 toiminnanohjausta ja parantavat arjen sujuvuutta.<\/p>\n","protected":false},"excerpt":{"rendered":"<p>Muistilaput ovat k\u00e4yt\u00e4nn\u00f6llisi\u00e4 v\u00e4lineit\u00e4, jotka auttavat muistamaan t\u00e4rkeit\u00e4 teht\u00e4vi\u00e4 ja ohjeita. Ne tarjoavat visuaalisen muistutuksen, joka voi helpottaa p\u00e4ivitt\u00e4isen toiminnan suunnittelua ja toteutusta. Muistilaput ovat erityisen hy\u00f6dyllisi\u00e4 teht\u00e4vien priorisoinnissa ja ajanhallinnassa.<\/p>\n","protected":false},"featured_media":0,"comment_status":"open","ping_status":"closed","template":"","meta":{"_uag_custom_page_level_css":"","site-sidebar-layout":"default","site-content-layout":"default","ast-global-header-display":"","ast-main-header-display":"","ast-hfb-above-header-display":"","ast-hfb-below-header-display":"","ast-hfb-mobile-header-display":"","site-post-title":"","ast-breadcrumbs-content":"","ast-featured-img":"","footer-sml-layout":"","theme-transparent-header-meta":"default","adv-header-id-meta":"","stick-header-meta":"","header-above-stick-meta":"","header-main-stick-meta":"","header-below-stick-meta":""},"product_cat":[37,56],"product_tag":[47],"aioseo_notices":[],"uagb_featured_image_src":{"full":false,"thumbnail":false,"medium":false,"medium_large":false,"large":false,"1536x1536":false,"2048x2048":false,"woocommerce_thumbnail":false,"woocommerce_single":false,"woocommerce_gallery_thumbnail":false},"uagb_author_info":{"display_name":"marko.makkonen.mm@gmail.com","author_link":"https:\/\/tukijaturva.fi\/?author=0"},"uagb_comment_info":0,"uagb_excerpt":"Muistilaput ovat k\u00e4yt\u00e4nn\u00f6llisi\u00e4 v\u00e4lineit\u00e4, jotka auttavat muistamaan t\u00e4rkeit\u00e4 teht\u00e4vi\u00e4 ja ohjeita. Ne tarjoavat visuaalisen muistutuksen, joka voi helpottaa p\u00e4ivitt\u00e4isen toiminnan suunnittelua ja toteutusta. Muistilaput ovat erityisen hy\u00f6dyllisi\u00e4 teht\u00e4vien priorisoinnissa ja ajanhallinnassa.","_links":{"self":[{"href":"https:\/\/tukijaturva.fi\/index.php?rest_route=\/wp\/v2\/product\/2671"}],"collection":[{"href":"https:\/\/tukijaturva.fi\/index.php?rest_route=\/wp\/v2\/product"}],"about":[{"href":"https:\/\/tukijaturva.fi\/index.php?rest_route=\/wp\/v2\/types\/product"}],"replies":[{"embeddable":true,"href":"https:\/\/tukijaturva.fi\/index.php?rest_route=%2Fwp%2Fv2%2Fcomments&post=2671"}],"wp:attachment":[{"href":"https:\/\/tukijaturva.fi\/index.php?rest_route=%2Fwp%2Fv2%2Fmedia&parent=2671"}],"wp:term":[{"taxonomy":"product_cat","embeddable":true,"href":"https:\/\/tukijaturva.fi\/index.php?rest_route=%2Fwp%2Fv2%2Fproduct_cat&post=2671"},{"taxonomy":"product_tag","embeddable":true,"href":"https:\/\/tukijaturva.fi\/index.php?rest_route=%2Fwp%2Fv2%2Fproduct_tag&post=2671"}],"curies":[{"name":"wp","href":"https:\/\/api.w.org\/{rel}","templated":true}]}}