{"id":2672,"date":"2024-06-25T09:54:37","date_gmt":"2024-06-25T09:54:37","guid":{"rendered":"https:\/\/tukijaturva.fi\/?post_type=product&#038;p=2672"},"modified":"2024-07-03T11:31:09","modified_gmt":"2024-07-03T11:31:09","slug":"erityiset-oppimateriaalit","status":"publish","type":"product","link":"https:\/\/tukijaturva.fi\/?product=erityiset-oppimateriaalit","title":{"rendered":"Pelit ja lelut"},"content":{"rendered":"<p>Tunne- ja kaveritaitojen materiaalit on suunniteltu tukemaan lapsen sosiaalista ja emotionaalista kehityst\u00e4. Kategoriaan kuuluvat esimerkiksi tunnekortit, sosiaalisten tilanteiden harjoituspelit ja kirjoitusmateriaalit, jotka auttavat lasta tunnistamaan ja ilmaisemaan tunteitaan sek\u00e4 vahvistamaan vuorovaikutustaitoja, kuten yst\u00e4v\u00e4llisyytt\u00e4, yhteisty\u00f6t\u00e4 ja konfliktien ratkaisua.<\/p>\n","protected":false},"excerpt":{"rendered":"<p>Tunne- ja kaveritaitojen kehitt\u00e4miseen tarkoitetut pelit ja lelut on suunniteltu tekem\u00e4\u00e4n oppimisesta hauskaa ja interaktiivista. N\u00e4m\u00e4 v\u00e4lineet auttavat lapsia harjoittelemaan tunteiden tunnistamista ja ilmaisua, yhteisty\u00f6t\u00e4, empatiaa sek\u00e4 konfliktien ratkaisua leikin ja pelien kautta. Pelit ja lelut voivat sis\u00e4lt\u00e4\u00e4 tunnekortteja, roolipelej\u00e4 ja muita interaktiivisia v\u00e4lineit\u00e4, jotka tukevat lapsen sosiaalista ja emotionaalista kehityst\u00e4.<\/p>\n","protected":false},"featured_media":0,"comment_status":"open","ping_status":"closed","template":"","meta":{"_uag_custom_page_level_css":"","site-sidebar-layout":"default","site-content-layout":"default","ast-global-header-display":"","ast-main-header-display":"","ast-hfb-above-header-display":"","ast-hfb-below-header-display":"","ast-hfb-mobile-header-display":"","site-post-title":"","ast-breadcrumbs-content":"","ast-featured-img":"","footer-sml-layout":"","theme-transparent-header-meta":"default","adv-header-id-meta":"","stick-header-meta":"","header-above-stick-meta":"","header-main-stick-meta":"","header-below-stick-meta":""},"product_cat":[58,39],"product_tag":[49],"aioseo_notices":[],"uagb_featured_image_src":{"full":false,"thumbnail":false,"medium":false,"medium_large":false,"large":false,"1536x1536":false,"2048x2048":false,"woocommerce_thumbnail":false,"woocommerce_single":false,"woocommerce_gallery_thumbnail":false},"uagb_author_info":{"display_name":"marko.makkonen.mm@gmail.com","author_link":"https:\/\/tukijaturva.fi\/?author=0"},"uagb_comment_info":0,"uagb_excerpt":"Tunne- ja kaveritaitojen kehitt\u00e4miseen tarkoitetut pelit ja lelut on suunniteltu tekem\u00e4\u00e4n oppimisesta hauskaa ja interaktiivista. N\u00e4m\u00e4 v\u00e4lineet auttavat lapsia harjoittelemaan tunteiden tunnistamista ja ilmaisua, yhteisty\u00f6t\u00e4, empatiaa sek\u00e4 konfliktien ratkaisua leikin ja pelien kautta. Pelit ja lelut voivat sis\u00e4lt\u00e4\u00e4 tunnekortteja, roolipelej\u00e4 ja muita interaktiivisia v\u00e4lineit\u00e4, jotka tukevat lapsen sosiaalista ja emotionaalista kehityst\u00e4.","_links":{"self":[{"href":"https:\/\/tukijaturva.fi\/index.php?rest_route=\/wp\/v2\/product\/2672"}],"collection":[{"href":"https:\/\/tukijaturva.fi\/index.php?rest_route=\/wp\/v2\/product"}],"about":[{"href":"https:\/\/tukijaturva.fi\/index.php?rest_route=\/wp\/v2\/types\/product"}],"replies":[{"embeddable":true,"href":"https:\/\/tukijaturva.fi\/index.php?rest_route=%2Fwp%2Fv2%2Fcomments&post=2672"}],"wp:attachment":[{"href":"https:\/\/tukijaturva.fi\/index.php?rest_route=%2Fwp%2Fv2%2Fmedia&parent=2672"}],"wp:term":[{"taxonomy":"product_cat","embeddable":true,"href":"https:\/\/tukijaturva.fi\/index.php?rest_route=%2Fwp%2Fv2%2Fproduct_cat&post=2672"},{"taxonomy":"product_tag","embeddable":true,"href":"https:\/\/tukijaturva.fi\/index.php?rest_route=%2Fwp%2Fv2%2Fproduct_tag&post=2672"}],"curies":[{"name":"wp","href":"https:\/\/api.w.org\/{rel}","templated":true}]}}