{"id":2673,"date":"2024-06-25T09:55:40","date_gmt":"2024-06-25T09:55:40","guid":{"rendered":"https:\/\/tukijaturva.fi\/?post_type=product&#038;p=2673"},"modified":"2024-06-27T06:01:14","modified_gmt":"2024-06-27T06:01:14","slug":"tukisovellukset","status":"publish","type":"product","link":"https:\/\/tukijaturva.fi\/?product=tukisovellukset","title":{"rendered":"Tukisovellukset"},"content":{"rendered":"<p>Tukisovellukset ovat digitaalisia ty\u00f6kaluja, jotka auttavat lapsia ja nuoria hallitsemaan arkea ja parantamaan el\u00e4m\u00e4nlaatua. N\u00e4ihin kuuluvat mobiilisovellukset, jotka tukevat ajanhallintaa, muistutuksia, kommunikaatiota ja oppimista. Ne tarjoavat k\u00e4yt\u00e4nn\u00f6llisi\u00e4 ratkaisuja arjen haasteisiin ja auttavat lis\u00e4\u00e4m\u00e4\u00e4n itsen\u00e4isyytt\u00e4.<\/p>\n","protected":false},"excerpt":{"rendered":"<p>Tukisovellukset ovat digitaalisia ty\u00f6kaluja, jotka auttavat hallitsemaan arkea ja parantamaan el\u00e4m\u00e4nlaatua. N\u00e4ihin kuuluvat mobiilisovellukset, jotka tukevat ajanhallintaa, muistutuksia, kommunikaatiota ja oppimista. Ne tarjoavat k\u00e4yt\u00e4nn\u00f6llisi\u00e4 ratkaisuja arjen haasteisiin ja auttavat lis\u00e4\u00e4m\u00e4\u00e4n itsen\u00e4isyytt\u00e4.<\/p>\n","protected":false},"featured_media":0,"comment_status":"open","ping_status":"closed","template":"","meta":{"_uag_custom_page_level_css":"","site-sidebar-layout":"default","site-content-layout":"default","ast-global-header-display":"","ast-main-header-display":"","ast-hfb-above-header-display":"","ast-hfb-below-header-display":"","ast-hfb-mobile-header-display":"","site-post-title":"","ast-breadcrumbs-content":"","ast-featured-img":"","footer-sml-layout":"","theme-transparent-header-meta":"default","adv-header-id-meta":"","stick-header-meta":"","header-above-stick-meta":"","header-main-stick-meta":"","header-below-stick-meta":""},"product_cat":[15],"product_tag":[],"aioseo_notices":[],"uagb_featured_image_src":{"full":false,"thumbnail":false,"medium":false,"medium_large":false,"large":false,"1536x1536":false,"2048x2048":false,"woocommerce_thumbnail":false,"woocommerce_single":false,"woocommerce_gallery_thumbnail":false},"uagb_author_info":{"display_name":"marko.makkonen.mm@gmail.com","author_link":"https:\/\/tukijaturva.fi\/?author=0"},"uagb_comment_info":0,"uagb_excerpt":"Tukisovellukset ovat digitaalisia ty\u00f6kaluja, jotka auttavat hallitsemaan arkea ja parantamaan el\u00e4m\u00e4nlaatua. N\u00e4ihin kuuluvat mobiilisovellukset, jotka tukevat ajanhallintaa, muistutuksia, kommunikaatiota ja oppimista. Ne tarjoavat k\u00e4yt\u00e4nn\u00f6llisi\u00e4 ratkaisuja arjen haasteisiin ja auttavat lis\u00e4\u00e4m\u00e4\u00e4n itsen\u00e4isyytt\u00e4.","_links":{"self":[{"href":"https:\/\/tukijaturva.fi\/index.php?rest_route=\/wp\/v2\/product\/2673"}],"collection":[{"href":"https:\/\/tukijaturva.fi\/index.php?rest_route=\/wp\/v2\/product"}],"about":[{"href":"https:\/\/tukijaturva.fi\/index.php?rest_route=\/wp\/v2\/types\/product"}],"replies":[{"embeddable":true,"href":"https:\/\/tukijaturva.fi\/index.php?rest_route=%2Fwp%2Fv2%2Fcomments&post=2673"}],"wp:attachment":[{"href":"https:\/\/tukijaturva.fi\/index.php?rest_route=%2Fwp%2Fv2%2Fmedia&parent=2673"}],"wp:term":[{"taxonomy":"product_cat","embeddable":true,"href":"https:\/\/tukijaturva.fi\/index.php?rest_route=%2Fwp%2Fv2%2Fproduct_cat&post=2673"},{"taxonomy":"product_tag","embeddable":true,"href":"https:\/\/tukijaturva.fi\/index.php?rest_route=%2Fwp%2Fv2%2Fproduct_tag&post=2673"}],"curies":[{"name":"wp","href":"https:\/\/api.w.org\/{rel}","templated":true}]}}