{"id":2754,"date":"2024-06-26T11:05:00","date_gmt":"2024-06-26T11:05:00","guid":{"rendered":"https:\/\/tukijaturva.fi\/?post_type=product&#038;p=2754"},"modified":"2024-06-27T05:55:37","modified_gmt":"2024-06-27T05:55:37","slug":"visuaaliset-aikataulut","status":"publish","type":"product","link":"https:\/\/tukijaturva.fi\/?product=visuaaliset-aikataulut","title":{"rendered":"Visuaaliset aikataulut"},"content":{"rendered":"<p>Visuaaliset ohjeet ja aikataulut ovat suunniteltu suullisten ohjeiden sek\u00e4 aikataulujen tueksi arjessa. T\u00e4h\u00e4n kategoriaan kuuluvat visuaaliset kalenterit, aikataulut, teht\u00e4v\u00e4listat ja kommunikointikansiot. Ne auttavat struktuurin ja ennustettavuuden lis\u00e4\u00e4misess\u00e4 p\u00e4ivitt\u00e4isess\u00e4 el\u00e4m\u00e4ss\u00e4.<\/p>\n","protected":false},"excerpt":{"rendered":"<p>Aikataulut ja kalenterit, jotka ovat magneettisia ja visuaalisia hahmottamaan ajan kulumista ja organisoimaan p\u00e4ivitt\u00e4ist\u00e4 el\u00e4m\u00e4\u00e4. Magneettiset aikataulut tarjoavat joustavuutta teht\u00e4vien ja tapahtumien j\u00e4rjestelyyn, mik\u00e4 v\u00e4hent\u00e4\u00e4 ep\u00e4varmuutta ja parantaa ennakoitavuutta p\u00e4iv\u00e4n kulusta.<\/p>\n","protected":false},"featured_media":0,"comment_status":"open","ping_status":"closed","template":"","meta":{"_uag_custom_page_level_css":"","site-sidebar-layout":"default","site-content-layout":"default","ast-global-header-display":"","ast-main-header-display":"","ast-hfb-above-header-display":"","ast-hfb-below-header-display":"","ast-hfb-mobile-header-display":"","site-post-title":"","ast-breadcrumbs-content":"","ast-featured-img":"","footer-sml-layout":"","theme-transparent-header-meta":"default","adv-header-id-meta":"","stick-header-meta":"","header-above-stick-meta":"","header-main-stick-meta":"","header-below-stick-meta":""},"product_cat":[37,55],"product_tag":[46],"aioseo_notices":[],"uagb_featured_image_src":{"full":false,"thumbnail":false,"medium":false,"medium_large":false,"large":false,"1536x1536":false,"2048x2048":false,"woocommerce_thumbnail":false,"woocommerce_single":false,"woocommerce_gallery_thumbnail":false},"uagb_author_info":{"display_name":"marko.makkonen.mm@gmail.com","author_link":"https:\/\/tukijaturva.fi\/?author=0"},"uagb_comment_info":0,"uagb_excerpt":"Aikataulut ja kalenterit, jotka ovat magneettisia ja visuaalisia hahmottamaan ajan kulumista ja organisoimaan p\u00e4ivitt\u00e4ist\u00e4 el\u00e4m\u00e4\u00e4. Magneettiset aikataulut tarjoavat joustavuutta teht\u00e4vien ja tapahtumien j\u00e4rjestelyyn, mik\u00e4 v\u00e4hent\u00e4\u00e4 ep\u00e4varmuutta ja parantaa ennakoitavuutta p\u00e4iv\u00e4n kulusta.","_links":{"self":[{"href":"https:\/\/tukijaturva.fi\/index.php?rest_route=\/wp\/v2\/product\/2754"}],"collection":[{"href":"https:\/\/tukijaturva.fi\/index.php?rest_route=\/wp\/v2\/product"}],"about":[{"href":"https:\/\/tukijaturva.fi\/index.php?rest_route=\/wp\/v2\/types\/product"}],"replies":[{"embeddable":true,"href":"https:\/\/tukijaturva.fi\/index.php?rest_route=%2Fwp%2Fv2%2Fcomments&post=2754"}],"wp:attachment":[{"href":"https:\/\/tukijaturva.fi\/index.php?rest_route=%2Fwp%2Fv2%2Fmedia&parent=2754"}],"wp:term":[{"taxonomy":"product_cat","embeddable":true,"href":"https:\/\/tukijaturva.fi\/index.php?rest_route=%2Fwp%2Fv2%2Fproduct_cat&post=2754"},{"taxonomy":"product_tag","embeddable":true,"href":"https:\/\/tukijaturva.fi\/index.php?rest_route=%2Fwp%2Fv2%2Fproduct_tag&post=2754"}],"curies":[{"name":"wp","href":"https:\/\/api.w.org\/{rel}","templated":true}]}}