{"id":2756,"date":"2024-06-26T11:08:46","date_gmt":"2024-06-26T11:08:46","guid":{"rendered":"https:\/\/tukijaturva.fi\/?post_type=product&#038;p=2756"},"modified":"2024-06-27T06:25:16","modified_gmt":"2024-06-27T06:25:16","slug":"kalenterit","status":"publish","type":"product","link":"https:\/\/tukijaturva.fi\/?product=kalenterit","title":{"rendered":"Kalenterit"},"content":{"rendered":"<p>Toiminnanohjausty\u00f6kalut auttavat suunnittelemaan, organisoimaan ja ohjaamaan erilaisia arjen askareita. N\u00e4ihin sis\u00e4ltyv\u00e4t ajanhallintav\u00e4lineet, kuten ajastimet ja kellot, teht\u00e4v\u00e4kortit, muistilistat ja mobiilisovellukset, jotka tukevat itsen\u00e4ist\u00e4 toiminnanohjausta ja parantavat arjen sujuvuutta.<\/p>\n","protected":false},"excerpt":{"rendered":"<p>Kalenterit tarjoavat kokonaisvaltaisen tavan hallita aikaa ja teht\u00e4vi\u00e4. Ne auttavat suunnittelemaan ja seuraamaan p\u00e4ivitt\u00e4isi\u00e4 sek\u00e4 viikoittaisia tapahtumia. Visuaalinen esitystapa ja selke\u00e4 aikaj\u00e4rjestely tukevat ajanhallinnan taitojen kehittymist\u00e4 ja v\u00e4hent\u00e4v\u00e4t auttaa muistamaan arkesi t\u00e4rke\u00e4t askareet.<\/p>\n","protected":false},"featured_media":0,"comment_status":"open","ping_status":"closed","template":"","meta":{"_uag_custom_page_level_css":"","site-sidebar-layout":"default","site-content-layout":"default","ast-global-header-display":"","ast-main-header-display":"","ast-hfb-above-header-display":"","ast-hfb-below-header-display":"","ast-hfb-mobile-header-display":"","site-post-title":"","ast-breadcrumbs-content":"","ast-featured-img":"","footer-sml-layout":"","theme-transparent-header-meta":"default","adv-header-id-meta":"","stick-header-meta":"","header-above-stick-meta":"","header-main-stick-meta":"","header-below-stick-meta":""},"product_cat":[37,57],"product_tag":[48],"aioseo_notices":[],"uagb_featured_image_src":{"full":false,"thumbnail":false,"medium":false,"medium_large":false,"large":false,"1536x1536":false,"2048x2048":false,"woocommerce_thumbnail":false,"woocommerce_single":false,"woocommerce_gallery_thumbnail":false},"uagb_author_info":{"display_name":"marko.makkonen.mm@gmail.com","author_link":"https:\/\/tukijaturva.fi\/?author=0"},"uagb_comment_info":0,"uagb_excerpt":"Kalenterit tarjoavat kokonaisvaltaisen tavan hallita aikaa ja teht\u00e4vi\u00e4. Ne auttavat suunnittelemaan ja seuraamaan p\u00e4ivitt\u00e4isi\u00e4 sek\u00e4 viikoittaisia tapahtumia. Visuaalinen esitystapa ja selke\u00e4 aikaj\u00e4rjestely tukevat ajanhallinnan taitojen kehittymist\u00e4 ja v\u00e4hent\u00e4v\u00e4t auttaa muistamaan arkesi t\u00e4rke\u00e4t askareet.","_links":{"self":[{"href":"https:\/\/tukijaturva.fi\/index.php?rest_route=\/wp\/v2\/product\/2756"}],"collection":[{"href":"https:\/\/tukijaturva.fi\/index.php?rest_route=\/wp\/v2\/product"}],"about":[{"href":"https:\/\/tukijaturva.fi\/index.php?rest_route=\/wp\/v2\/types\/product"}],"replies":[{"embeddable":true,"href":"https:\/\/tukijaturva.fi\/index.php?rest_route=%2Fwp%2Fv2%2Fcomments&post=2756"}],"wp:attachment":[{"href":"https:\/\/tukijaturva.fi\/index.php?rest_route=%2Fwp%2Fv2%2Fmedia&parent=2756"}],"wp:term":[{"taxonomy":"product_cat","embeddable":true,"href":"https:\/\/tukijaturva.fi\/index.php?rest_route=%2Fwp%2Fv2%2Fproduct_cat&post=2756"},{"taxonomy":"product_tag","embeddable":true,"href":"https:\/\/tukijaturva.fi\/index.php?rest_route=%2Fwp%2Fv2%2Fproduct_tag&post=2756"}],"curies":[{"name":"wp","href":"https:\/\/api.w.org\/{rel}","templated":true}]}}