{"id":2814,"date":"2024-06-27T06:51:21","date_gmt":"2024-06-27T06:51:21","guid":{"rendered":"https:\/\/tukijaturva.fi\/?post_type=product&#038;p=2814"},"modified":"2024-06-27T07:11:41","modified_gmt":"2024-06-27T07:11:41","slug":"motoriset-pelit","status":"publish","type":"product","link":"https:\/\/tukijaturva.fi\/?product=motoriset-pelit","title":{"rendered":"Motoriset pelit"},"content":{"rendered":"<p>Fyysist\u00e4 aktiivisuutta vaativat pelit, kuten hyppynarut, pallopelit ja esteradat edist\u00e4v\u00e4t hieno- ja karkeamotoriikkaa. Lis\u00e4ksi ne parantavat sosiaalisia taitoja, yhteisty\u00f6kyky\u00e4 sek\u00e4 auttavat arjen teht\u00e4viss\u00e4.<\/p>\n","protected":false},"excerpt":{"rendered":"<p>Fyysist\u00e4 aktiivisuutta vaativat pelit, kuten hyppynarut, pallopelit ja esteradat edist\u00e4v\u00e4t hieno- ja karkeamotoriikkaa. Lis\u00e4ksi ne parantavat sosiaalisia taitoja, yhteisty\u00f6kyky\u00e4 sek\u00e4 auttavat arjen teht\u00e4viss\u00e4.<\/p>\n","protected":false},"featured_media":0,"comment_status":"open","ping_status":"closed","template":"","meta":{"_uag_custom_page_level_css":"","site-sidebar-layout":"default","site-content-layout":"default","ast-global-header-display":"","ast-main-header-display":"","ast-hfb-above-header-display":"","ast-hfb-below-header-display":"","ast-hfb-mobile-header-display":"","site-post-title":"","ast-breadcrumbs-content":"","ast-featured-img":"","footer-sml-layout":"","theme-transparent-header-meta":"default","adv-header-id-meta":"","stick-header-meta":"","header-above-stick-meta":"","header-main-stick-meta":"","header-below-stick-meta":""},"product_cat":[61,38],"product_tag":[],"aioseo_notices":[],"uagb_featured_image_src":{"full":false,"thumbnail":false,"medium":false,"medium_large":false,"large":false,"1536x1536":false,"2048x2048":false,"woocommerce_thumbnail":false,"woocommerce_single":false,"woocommerce_gallery_thumbnail":false},"uagb_author_info":{"display_name":"marko.makkonen.mm@gmail.com","author_link":"https:\/\/tukijaturva.fi\/?author=0"},"uagb_comment_info":0,"uagb_excerpt":"Fyysist\u00e4 aktiivisuutta vaativat pelit, kuten hyppynarut, pallopelit ja esteradat edist\u00e4v\u00e4t hieno- ja karkeamotoriikkaa. Lis\u00e4ksi ne parantavat sosiaalisia taitoja, yhteisty\u00f6kyky\u00e4 sek\u00e4 auttavat arjen teht\u00e4viss\u00e4.","_links":{"self":[{"href":"https:\/\/tukijaturva.fi\/index.php?rest_route=\/wp\/v2\/product\/2814"}],"collection":[{"href":"https:\/\/tukijaturva.fi\/index.php?rest_route=\/wp\/v2\/product"}],"about":[{"href":"https:\/\/tukijaturva.fi\/index.php?rest_route=\/wp\/v2\/types\/product"}],"replies":[{"embeddable":true,"href":"https:\/\/tukijaturva.fi\/index.php?rest_route=%2Fwp%2Fv2%2Fcomments&post=2814"}],"wp:attachment":[{"href":"https:\/\/tukijaturva.fi\/index.php?rest_route=%2Fwp%2Fv2%2Fmedia&parent=2814"}],"wp:term":[{"taxonomy":"product_cat","embeddable":true,"href":"https:\/\/tukijaturva.fi\/index.php?rest_route=%2Fwp%2Fv2%2Fproduct_cat&post=2814"},{"taxonomy":"product_tag","embeddable":true,"href":"https:\/\/tukijaturva.fi\/index.php?rest_route=%2Fwp%2Fv2%2Fproduct_tag&post=2814"}],"curies":[{"name":"wp","href":"https:\/\/api.w.org\/{rel}","templated":true}]}}