{"id":2815,"date":"2024-06-27T06:56:40","date_gmt":"2024-06-27T06:56:40","guid":{"rendered":"https:\/\/tukijaturva.fi\/?post_type=product&#038;p=2815"},"modified":"2024-06-27T07:10:31","modified_gmt":"2024-06-27T07:10:31","slug":"hienomotoriset-valineet","status":"publish","type":"product","link":"https:\/\/tukijaturva.fi\/?product=hienomotoriset-valineet","title":{"rendered":"Hienomotoriset v\u00e4lineet"},"content":{"rendered":"<p>Hienomotoriset v\u00e4lineet, kuten muovailuvahat, helmity\u00f6t ja rakennuspalikat, kehitt\u00e4v\u00e4t sormin\u00e4pp\u00e4ryytt\u00e4 ja k\u00e4den hienomotorisia taitoja. K\u00e4den hienomotoriset taidot ovat t\u00e4rkeit\u00e4 kirjoittamisessa, piirt\u00e4misess\u00e4 ja p\u00e4ivitt\u00e4isiss\u00e4 teht\u00e4viss\u00e4. Ne voivat toimia my\u00f6s aistiv\u00e4linein\u00e4 tunto\u00e4rsykkeit\u00e4 luoden ja t\u00e4t\u00e4 kautta ne tarjoavat mahdollisuuden s\u00e4\u00e4dell\u00e4 aistij\u00e4rjestelm\u00e4\u00e4.<\/p>\n","protected":false},"excerpt":{"rendered":"<p>Hienomotoriset v\u00e4lineet, kuten muovailuvahat, helmity\u00f6t ja rakennuspalikat, kehitt\u00e4v\u00e4t sormin\u00e4pp\u00e4ryytt\u00e4 ja k\u00e4den hienomotorisia taitoja. K\u00e4den hienomotoriset taidot ovat t\u00e4rkeit\u00e4 kirjoittamisessa, piirt\u00e4misess\u00e4 ja p\u00e4ivitt\u00e4isiss\u00e4 teht\u00e4viss\u00e4. Ne voivat toimia my\u00f6s aistiv\u00e4linein\u00e4<span style=\"font-weight: 400;\"> tunto\u00e4rsykkeit\u00e4 luoden ja t\u00e4t\u00e4 kautta ne tarjoavat mahdollisuuden s\u00e4\u00e4dell\u00e4 aistij\u00e4rjestelm\u00e4\u00e4. <\/span><\/p>\n","protected":false},"featured_media":0,"comment_status":"open","ping_status":"closed","template":"","meta":{"_uag_custom_page_level_css":"","site-sidebar-layout":"default","site-content-layout":"default","ast-global-header-display":"","ast-main-header-display":"","ast-hfb-above-header-display":"","ast-hfb-below-header-display":"","ast-hfb-mobile-header-display":"","site-post-title":"","ast-breadcrumbs-content":"","ast-featured-img":"","footer-sml-layout":"","theme-transparent-header-meta":"default","adv-header-id-meta":"","stick-header-meta":"","header-above-stick-meta":"","header-main-stick-meta":"","header-below-stick-meta":""},"product_cat":[53,62,38],"product_tag":[],"aioseo_notices":[],"uagb_featured_image_src":{"full":false,"thumbnail":false,"medium":false,"medium_large":false,"large":false,"1536x1536":false,"2048x2048":false,"woocommerce_thumbnail":false,"woocommerce_single":false,"woocommerce_gallery_thumbnail":false},"uagb_author_info":{"display_name":"marko.makkonen.mm@gmail.com","author_link":"https:\/\/tukijaturva.fi\/?author=0"},"uagb_comment_info":0,"uagb_excerpt":"Hienomotoriset v\u00e4lineet, kuten muovailuvahat, helmity\u00f6t ja rakennuspalikat, kehitt\u00e4v\u00e4t sormin\u00e4pp\u00e4ryytt\u00e4 ja k\u00e4den hienomotorisia taitoja. K\u00e4den hienomotoriset taidot ovat t\u00e4rkeit\u00e4 kirjoittamisessa, piirt\u00e4misess\u00e4 ja p\u00e4ivitt\u00e4isiss\u00e4 teht\u00e4viss\u00e4. Ne voivat toimia my\u00f6s aistiv\u00e4linein\u00e4 tunto\u00e4rsykkeit\u00e4 luoden ja t\u00e4t\u00e4 kautta ne tarjoavat mahdollisuuden s\u00e4\u00e4dell\u00e4 aistij\u00e4rjestelm\u00e4\u00e4.","_links":{"self":[{"href":"https:\/\/tukijaturva.fi\/index.php?rest_route=\/wp\/v2\/product\/2815"}],"collection":[{"href":"https:\/\/tukijaturva.fi\/index.php?rest_route=\/wp\/v2\/product"}],"about":[{"href":"https:\/\/tukijaturva.fi\/index.php?rest_route=\/wp\/v2\/types\/product"}],"replies":[{"embeddable":true,"href":"https:\/\/tukijaturva.fi\/index.php?rest_route=%2Fwp%2Fv2%2Fcomments&post=2815"}],"wp:attachment":[{"href":"https:\/\/tukijaturva.fi\/index.php?rest_route=%2Fwp%2Fv2%2Fmedia&parent=2815"}],"wp:term":[{"taxonomy":"product_cat","embeddable":true,"href":"https:\/\/tukijaturva.fi\/index.php?rest_route=%2Fwp%2Fv2%2Fproduct_cat&post=2815"},{"taxonomy":"product_tag","embeddable":true,"href":"https:\/\/tukijaturva.fi\/index.php?rest_route=%2Fwp%2Fv2%2Fproduct_tag&post=2815"}],"curies":[{"name":"wp","href":"https:\/\/api.w.org\/{rel}","templated":true}]}}